{"id":2547,"date":"2025-09-04T10:11:06","date_gmt":"2025-09-04T08:11:06","guid":{"rendered":"https:\/\/magicpool.se\/iluminacion\/"},"modified":"2025-10-29T15:58:10","modified_gmt":"2025-10-29T14:58:10","slug":"iluminacion","status":"publish","type":"page","link":"https:\/\/magicpool.se\/es\/accesorios-para-piscinas\/iluminacion\/","title":{"rendered":"Iluminaci\u00f3n"},"content":{"rendered":"\n<div class=\"wp-block-stackable-hero stk-block-hero stk-block stk-1e26703 stk-block-background jokSafeFullHeight stk--has-background-overlay\" data-v=\"2\" data-block-id=\"1e26703\"><style>.stk-1e26703 {background-image:url(https:\/\/magicpool.se\/wp-content\/uploads\/2025\/08\/Menhire-Sound-PRO-Detail-Box-3-1024x683-1.jpg) !important;align-items:flex-end !important;padding-top:0px !important;padding-right:0px !important;padding-bottom:40px !important;padding-left:0px !important;margin-bottom:0px !important;display:flex !important;}.stk-1e26703-container{background-color:#00000000 !important;}.stk-1e26703-container:before{background-color:#00000000 !important;}.stk-1e26703 .stk-block-hero__content{min-height:300px !important;align-items:center !important;display:flex !important;}<\/style><style class=\"stk-custom-css\">.stk-1e26703.stk-block-hero .stk-video-background{object-position:30% center !important}<\/style><div class=\"stk-block-hero__content stk-content-align stk-1e26703-column stk-container stk-1e26703-container stk-hover-parent\"><div class=\"stk-block-content stk-inner-blocks has-text-align-center stk-1e26703-inner-blocks\">\n<div class=\"wp-block-stackable-heading stk-block-heading stk-block-heading--v2 stk-block stk-0af4074\" id=\"belysning\" data-block-id=\"0af4074\"><style>.stk-0af4074 .stk-block-heading__text{font-size:60px !important;color:#ffffff !important;font-weight:200 !important;font-family:\"Outfit\", Sans-serif !important;}@media screen and (max-width: 1023px){.stk-0af4074 .stk-block-heading__text{font-size:40px !important;}}<\/style><h1 class=\"stk-block-heading__text has-text-color\">Iluminaci\u00f3n<\/h1><\/div>\n\n\n\n<div class=\"wp-block-stackable-button-group stk-block-button-group stk-block stk-55e872e\" data-block-id=\"55e872e\"><div class=\"stk-row stk-inner-blocks stk-block-content stk-button-group\">\n<div class=\"wp-block-stackable-button stk-block-button is-style-ghost stk-block stk-cd790e1\" data-block-id=\"cd790e1\"><style>.stk-cd790e1 .stk-button{padding-right:36px !important;padding-left:36px !important;background:transparent !important;border-top-left-radius:40px !important;border-top-right-radius:40px !important;border-bottom-right-radius:40px !important;border-bottom-left-radius:40px !important;}.stk-cd790e1 .stk-button:hover:after{background:transparent !important;opacity:1 !important;}:where(.stk-hover-parent:hover,  .stk-hover-parent.stk--is-hovered) .stk-cd790e1 .stk-button:after{background:transparent !important;opacity:1 !important;}.stk-cd790e1 .stk-button:before{border-style:solid !important;border-color:var(--jok-secondary-color) !important;border-top-width:1px !important;border-right-width:1px !important;border-bottom-width:1px !important;border-left-width:1px !important;}.stk-cd790e1 .stk-button__inner-text{font-size:15px !important;color:var(--jok-secondary-color) !important;font-weight:400 !important;}@media screen and (max-width: 1023px){.stk-cd790e1 .stk-button__inner-text{font-size:15px !important;}}<\/style><a class=\"stk-link stk-button stk--hover-effect-darken\" href=\"#produkter-belysning\"><span class=\"has-text-color stk-button__inner-text\">Ver productos<\/span><\/a><\/div>\n<\/div><\/div>\n<\/div><\/div><\/div>\n\n<div class=\"wp-block-stackable-columns stk-block-columns stk-block stk-debab97 stk-block-background\" id=\"produkter-belysning\" data-block-id=\"debab97\"><style>.stk-debab97 {background-color:var(--jok-primary-color) !important;padding-top:120px !important;padding-bottom:120px !important;margin-bottom:0px !important;}.stk-debab97:before{background-color:var(--jok-primary-color) !important;}.stk-debab97-column{max-width:1064px !important;min-width:auto !important;}<\/style><div class=\"stk-row stk-inner-blocks stk-block-content stk-content-align stk-debab97-column\">\n<div class=\"wp-block-stackable-column stk-block-column stk-column stk-block stk-6dbedfe\" data-v=\"4\" data-block-id=\"6dbedfe\"><div class=\"stk-column-wrapper stk-block-column__content stk-container stk-6dbedfe-container stk--no-background stk--no-padding\"><div class=\"stk-block-content stk-inner-blocks stk-6dbedfe-inner-blocks\">\n    <div class=\"mpProducts mpProducts__container\">\n                    <div class=\"mpProducts mpProducts__cardWrapper\">\n                <a href=\"https:\/\/magicpool.se\/es\/productos\/menhir-sonido-pro\/\" class=\"mpProducts mpProducts__imageWrapper\">\n                    <img loading=\"lazy\" decoding=\"async\" width=\"1024\" height=\"683\" src=\"https:\/\/magicpool.se\/wp-content\/uploads\/2025\/08\/Menhir-Sound-Pro.jpg\" class=\"attachment-full size-full\" alt=\"Menhir Sonido Pro\" srcset=\"https:\/\/magicpool.se\/wp-content\/uploads\/2025\/08\/Menhir-Sound-Pro.jpg 1024w, https:\/\/magicpool.se\/wp-content\/uploads\/2025\/08\/Menhir-Sound-Pro-300x200.jpg 300w, https:\/\/magicpool.se\/wp-content\/uploads\/2025\/08\/Menhir-Sound-Pro-768x512.jpg 768w\" sizes=\"auto, (max-width: 1024px) 100vw, 1024px\" \/>                <\/a>\n\n                <h2 class=\"mpProducts mpProducts__heading\">\n                    Menhir Sonido Pro                <\/h2>\n\n                <div class=\"mpProducts mpProducts__excerpt\">\n                    Menhir Sound Pro es el inigualable altavoz para exteriores que ofrece un sonido omnidireccional de 360\u00b0 con un potente rendimiento de audio y un dise\u00f1o inigualable.                <\/div>\n\n                <div class=\"mpProducts mpProducts__buttonsWrapper\">\n                    <a href=\"https:\/\/magicpool.se\/es\/productos\/menhir-sonido-pro\/\" class=\"mpProducts mpProducts__merInfo\">\n                        Seguir leyendo                    <\/a>\n                    <a href=\"https:\/\/magicpool.se\/es\/productos\/menhir-sonido-pro\/#offert\" class=\"mpProducts mpProducts__offert\">\n                        Oferta                    <\/a>\n                <\/div>\n            <\/div>\n                    <div class=\"mpProducts mpProducts__cardWrapper\">\n                <a href=\"https:\/\/magicpool.se\/es\/productos\/sonido-menhir\/\" class=\"mpProducts mpProducts__imageWrapper\">\n                    <img loading=\"lazy\" decoding=\"async\" width=\"1024\" height=\"683\" src=\"https:\/\/magicpool.se\/wp-content\/uploads\/2025\/08\/Menhir-sound.jpg\" class=\"attachment-full size-full\" alt=\"Sonido Menhir\" srcset=\"https:\/\/magicpool.se\/wp-content\/uploads\/2025\/08\/Menhir-sound.jpg 1024w, https:\/\/magicpool.se\/wp-content\/uploads\/2025\/08\/Menhir-sound-300x200.jpg 300w, https:\/\/magicpool.se\/wp-content\/uploads\/2025\/08\/Menhir-sound-768x512.jpg 768w\" sizes=\"auto, (max-width: 1024px) 100vw, 1024px\" \/>                <\/a>\n\n                <h2 class=\"mpProducts mpProducts__heading\">\n                    Sonido Menhir                <\/h2>\n\n                <div class=\"mpProducts mpProducts__excerpt\">\n                    Menhir Sound: un innovador sistema de sonido exterior de piedra natural que combina altavoces e iluminaci\u00f3n LED para crear un ambiente \u00fanico.                <\/div>\n\n                <div class=\"mpProducts mpProducts__buttonsWrapper\">\n                    <a href=\"https:\/\/magicpool.se\/es\/productos\/sonido-menhir\/\" class=\"mpProducts mpProducts__merInfo\">\n                        Seguir leyendo                    <\/a>\n                    <a href=\"https:\/\/magicpool.se\/es\/productos\/sonido-menhir\/#offert\" class=\"mpProducts mpProducts__offert\">\n                        Oferta                    <\/a>\n                <\/div>\n            <\/div>\n                    <div class=\"mpProducts mpProducts__cardWrapper\">\n                <a href=\"https:\/\/magicpool.se\/es\/productos\/piscina-menhir\/\" class=\"mpProducts mpProducts__imageWrapper\">\n                    <img loading=\"lazy\" decoding=\"async\" width=\"1024\" height=\"683\" src=\"https:\/\/magicpool.se\/wp-content\/uploads\/2025\/08\/EL-WebSite-IMG-Pool-2-1024x683-1.jpg\" class=\"attachment-full size-full\" alt=\"Piscina Menhir\" srcset=\"https:\/\/magicpool.se\/wp-content\/uploads\/2025\/08\/EL-WebSite-IMG-Pool-2-1024x683-1.jpg 1024w, https:\/\/magicpool.se\/wp-content\/uploads\/2025\/08\/EL-WebSite-IMG-Pool-2-1024x683-1-300x200.jpg 300w, https:\/\/magicpool.se\/wp-content\/uploads\/2025\/08\/EL-WebSite-IMG-Pool-2-1024x683-1-768x512.jpg 768w\" sizes=\"auto, (max-width: 1024px) 100vw, 1024px\" \/>                <\/a>\n\n                <h2 class=\"mpProducts mpProducts__heading\">\n                    Piscina Menhir                <\/h2>\n\n                <div class=\"mpProducts mpProducts__excerpt\">\n                    Menhir Pool es un refinado producto de iluminaci\u00f3n de piedra natural que abre nuevos escenarios en el campo de la iluminaci\u00f3n subacu\u00e1tica de piscinas, lagos, piscinas naturales y fuentes.                <\/div>\n\n                <div class=\"mpProducts mpProducts__buttonsWrapper\">\n                    <a href=\"https:\/\/magicpool.se\/es\/productos\/piscina-menhir\/\" class=\"mpProducts mpProducts__merInfo\">\n                        Seguir leyendo                    <\/a>\n                    <a href=\"https:\/\/magicpool.se\/es\/productos\/piscina-menhir\/#offert\" class=\"mpProducts mpProducts__offert\">\n                        Oferta                    <\/a>\n                <\/div>\n            <\/div>\n                    <div class=\"mpProducts mpProducts__cardWrapper\">\n                <a href=\"https:\/\/magicpool.se\/es\/productos\/estaca\/\" class=\"mpProducts mpProducts__imageWrapper\">\n                    <img loading=\"lazy\" decoding=\"async\" width=\"1980\" height=\"1108\" src=\"https:\/\/magicpool.se\/wp-content\/uploads\/2025\/08\/Stake.jpg\" class=\"attachment-full size-full\" alt=\"Estaca\" srcset=\"https:\/\/magicpool.se\/wp-content\/uploads\/2025\/08\/Stake.jpg 1980w, https:\/\/magicpool.se\/wp-content\/uploads\/2025\/08\/Stake-300x168.jpg 300w, https:\/\/magicpool.se\/wp-content\/uploads\/2025\/08\/Stake-1024x573.jpg 1024w, https:\/\/magicpool.se\/wp-content\/uploads\/2025\/08\/Stake-768x430.jpg 768w, https:\/\/magicpool.se\/wp-content\/uploads\/2025\/08\/Stake-1536x860.jpg 1536w\" sizes=\"auto, (max-width: 1980px) 100vw, 1980px\" \/>                <\/a>\n\n                <h2 class=\"mpProducts mpProducts__heading\">\n                    Estaca                <\/h2>\n\n                <div class=\"mpProducts mpProducts__excerpt\">\n                    Stake es una l\u00e1mpara de jard\u00edn de piedra natural con una luz LED vertical filiforme de s\u00f3lo 4 mm de grosor. El car\u00e1cter esencial de la forma caracteriza esta luz LED para jard\u00edn.                 <\/div>\n\n                <div class=\"mpProducts mpProducts__buttonsWrapper\">\n                    <a href=\"https:\/\/magicpool.se\/es\/productos\/estaca\/\" class=\"mpProducts mpProducts__merInfo\">\n                        Seguir leyendo                    <\/a>\n                    <a href=\"https:\/\/magicpool.se\/es\/productos\/estaca\/#offert\" class=\"mpProducts mpProducts__offert\">\n                        Oferta                    <\/a>\n                <\/div>\n            <\/div>\n                    <div class=\"mpProducts mpProducts__cardWrapper\">\n                <a href=\"https:\/\/magicpool.se\/es\/productos\/menhir-minimo\/\" class=\"mpProducts mpProducts__imageWrapper\">\n                    <img loading=\"lazy\" decoding=\"async\" width=\"1024\" height=\"669\" src=\"https:\/\/magicpool.se\/wp-content\/uploads\/2025\/08\/Minimal-Stone-city-LQ-1024x669-1.jpg\" class=\"attachment-full size-full\" alt=\"Menhir M\u00ednimo\" srcset=\"https:\/\/magicpool.se\/wp-content\/uploads\/2025\/08\/Minimal-Stone-city-LQ-1024x669-1.jpg 1024w, https:\/\/magicpool.se\/wp-content\/uploads\/2025\/08\/Minimal-Stone-city-LQ-1024x669-1-300x196.jpg 300w, https:\/\/magicpool.se\/wp-content\/uploads\/2025\/08\/Minimal-Stone-city-LQ-1024x669-1-768x502.jpg 768w\" sizes=\"auto, (max-width: 1024px) 100vw, 1024px\" \/>                <\/a>\n\n                <h2 class=\"mpProducts mpProducts__heading\">\n                    Menhir M\u00ednimo                <\/h2>\n\n                <div class=\"mpProducts mpProducts__excerpt\">\n                    Menhir Minimal es una l\u00e1mpara de exterior de piedra natural con forma cuadrada (Minimal) o esf\u00e9rica (Sphera) con luz LED resistente al agua, pensada para su uso en exteriores.                <\/div>\n\n                <div class=\"mpProducts mpProducts__buttonsWrapper\">\n                    <a href=\"https:\/\/magicpool.se\/es\/productos\/menhir-minimo\/\" class=\"mpProducts mpProducts__merInfo\">\n                        Seguir leyendo                    <\/a>\n                    <a href=\"https:\/\/magicpool.se\/es\/productos\/menhir-minimo\/#offert\" class=\"mpProducts mpProducts__offert\">\n                        Oferta                    <\/a>\n                <\/div>\n            <\/div>\n                    <div class=\"mpProducts mpProducts__cardWrapper\">\n                <a href=\"https:\/\/magicpool.se\/es\/productos\/menhir-de-luce\/\" class=\"mpProducts mpProducts__imageWrapper\">\n                    <img loading=\"lazy\" decoding=\"async\" width=\"1024\" height=\"562\" src=\"https:\/\/magicpool.se\/wp-content\/uploads\/2025\/08\/EL-WebSite-MENHIR-DI-LUCE-1024x562-1.jpg\" class=\"attachment-full size-full\" alt=\"Menhir de Luce\" srcset=\"https:\/\/magicpool.se\/wp-content\/uploads\/2025\/08\/EL-WebSite-MENHIR-DI-LUCE-1024x562-1.jpg 1024w, https:\/\/magicpool.se\/wp-content\/uploads\/2025\/08\/EL-WebSite-MENHIR-DI-LUCE-1024x562-1-300x165.jpg 300w, https:\/\/magicpool.se\/wp-content\/uploads\/2025\/08\/EL-WebSite-MENHIR-DI-LUCE-1024x562-1-768x422.jpg 768w\" sizes=\"auto, (max-width: 1024px) 100vw, 1024px\" \/>                <\/a>\n\n                <h2 class=\"mpProducts mpProducts__heading\">\n                    Menhir de Luce                <\/h2>\n\n                <div class=\"mpProducts mpProducts__excerpt\">\n                    Menhir di Luce es la innovadora gama de luces de jard\u00edn de piedra natural con tecnolog\u00eda LED apta para exteriores y dise\u00f1ada para decorar e iluminar jardines.                <\/div>\n\n                <div class=\"mpProducts mpProducts__buttonsWrapper\">\n                    <a href=\"https:\/\/magicpool.se\/es\/productos\/menhir-de-luce\/\" class=\"mpProducts mpProducts__merInfo\">\n                        Seguir leyendo                    <\/a>\n                    <a href=\"https:\/\/magicpool.se\/es\/productos\/menhir-de-luce\/#offert\" class=\"mpProducts mpProducts__offert\">\n                        Oferta                    <\/a>\n                <\/div>\n            <\/div>\n        \n    <\/div>\n\n<\/div><\/div><\/div>\n<\/div><\/div>\n","protected":false},"excerpt":{"rendered":"<p>Iluminaci\u00f3n Ver productos<\/p>\n","protected":false},"author":1,"featured_media":0,"parent":2668,"menu_order":14,"comment_status":"closed","ping_status":"closed","template":"","meta":{"_acf_changed":false,"footnotes":""},"class_list":["post-2547","page","type-page","status-publish","hentry"],"acf":[],"yoast_head":"<!-- This site is optimized with the Yoast SEO plugin v27.4 - https:\/\/yoast.com\/product\/yoast-seo-wordpress\/ -->\n<title>Iluminaci\u00f3n - MagicPool<\/title>\n<meta name=\"description\" content=\"Iluminaci\u00f3n de piedra natural de Menhir: altavoces de exterior, luces LED y luminarias de dise\u00f1o que crean ambiente\" \/>\n<meta name=\"robots\" content=\"index, follow, max-snippet:-1, max-image-preview:large, max-video-preview:-1\" \/>\n<link rel=\"canonical\" href=\"https:\/\/magicpool.se\/es\/accesorios-para-piscinas\/iluminacion\/\" \/>\n<meta property=\"og:locale\" content=\"es_ES\" \/>\n<meta property=\"og:type\" content=\"article\" \/>\n<meta property=\"og:title\" content=\"Iluminaci\u00f3n - MagicPool\" \/>\n<meta property=\"og:description\" content=\"Iluminaci\u00f3n de piedra natural de Menhir: altavoces de exterior, luces LED y luminarias de dise\u00f1o que crean ambiente\" \/>\n<meta property=\"og:url\" content=\"https:\/\/magicpool.se\/es\/accesorios-para-piscinas\/iluminacion\/\" \/>\n<meta property=\"og:site_name\" content=\"MagicPool\" \/>\n<meta property=\"article:publisher\" content=\"https:\/\/www.facebook.com\/magicpool.se\/\" \/>\n<meta property=\"article:modified_time\" content=\"2025-10-29T14:58:10+00:00\" \/>\n<meta property=\"og:image\" content=\"https:\/\/magicpool.se\/wp-content\/uploads\/2025\/10\/V2_Magic_Pool_Villa_Masshult_Oppen_Pool-scaled.jpg\" \/>\n\t<meta property=\"og:image:width\" content=\"2560\" \/>\n\t<meta property=\"og:image:height\" content=\"1707\" \/>\n\t<meta property=\"og:image:type\" content=\"image\/jpeg\" \/>\n<meta name=\"twitter:card\" content=\"summary_large_image\" \/>\n<script type=\"application\/ld+json\" class=\"yoast-schema-graph\">{\"@context\":\"https:\\\/\\\/schema.org\",\"@graph\":[{\"@type\":\"WebPage\",\"@id\":\"https:\\\/\\\/magicpool.se\\\/es\\\/accesorios-para-piscinas\\\/iluminacion\\\/\",\"url\":\"https:\\\/\\\/magicpool.se\\\/es\\\/accesorios-para-piscinas\\\/iluminacion\\\/\",\"name\":\"Iluminaci\u00f3n - MagicPool\",\"isPartOf\":{\"@id\":\"https:\\\/\\\/magicpool.se\\\/es\\\/#website\"},\"datePublished\":\"2025-09-04T08:11:06+00:00\",\"dateModified\":\"2025-10-29T14:58:10+00:00\",\"description\":\"Iluminaci\u00f3n de piedra natural de Menhir: altavoces de exterior, luces LED y luminarias de dise\u00f1o que crean ambiente\",\"breadcrumb\":{\"@id\":\"https:\\\/\\\/magicpool.se\\\/es\\\/accesorios-para-piscinas\\\/iluminacion\\\/#breadcrumb\"},\"inLanguage\":\"es\",\"potentialAction\":[{\"@type\":\"ReadAction\",\"target\":[\"https:\\\/\\\/magicpool.se\\\/es\\\/accesorios-para-piscinas\\\/iluminacion\\\/\"]}]},{\"@type\":\"BreadcrumbList\",\"@id\":\"https:\\\/\\\/magicpool.se\\\/es\\\/accesorios-para-piscinas\\\/iluminacion\\\/#breadcrumb\",\"itemListElement\":[{\"@type\":\"ListItem\",\"position\":1,\"name\":\"Home\",\"item\":\"https:\\\/\\\/magicpool.se\\\/es\\\/\"},{\"@type\":\"ListItem\",\"position\":2,\"name\":\"Accesorios para piscinas\",\"item\":\"https:\\\/\\\/magicpool.se\\\/es\\\/accesorios-para-piscinas\\\/\"},{\"@type\":\"ListItem\",\"position\":3,\"name\":\"Iluminaci\u00f3n\"}]},{\"@type\":\"WebSite\",\"@id\":\"https:\\\/\\\/magicpool.se\\\/es\\\/#website\",\"url\":\"https:\\\/\\\/magicpool.se\\\/es\\\/\",\"name\":\"MagicPool\",\"description\":\"\",\"publisher\":{\"@id\":\"https:\\\/\\\/magicpool.se\\\/es\\\/#organization\"},\"potentialAction\":[{\"@type\":\"SearchAction\",\"target\":{\"@type\":\"EntryPoint\",\"urlTemplate\":\"https:\\\/\\\/magicpool.se\\\/es\\\/?s={search_term_string}\"},\"query-input\":{\"@type\":\"PropertyValueSpecification\",\"valueRequired\":true,\"valueName\":\"search_term_string\"}}],\"inLanguage\":\"es\"},{\"@type\":\"Organization\",\"@id\":\"https:\\\/\\\/magicpool.se\\\/es\\\/#organization\",\"name\":\"MagicPool\",\"url\":\"https:\\\/\\\/magicpool.se\\\/es\\\/\",\"logo\":{\"@type\":\"ImageObject\",\"inLanguage\":\"es\",\"@id\":\"https:\\\/\\\/magicpool.se\\\/es\\\/#\\\/schema\\\/logo\\\/image\\\/\",\"url\":\"https:\\\/\\\/magicpool.se\\\/wp-content\\\/uploads\\\/2025\\\/10\\\/Logotyp_Magicpool_Guld_RGB.svg\",\"contentUrl\":\"https:\\\/\\\/magicpool.se\\\/wp-content\\\/uploads\\\/2025\\\/10\\\/Logotyp_Magicpool_Guld_RGB.svg\",\"width\":1025,\"height\":257,\"caption\":\"MagicPool\"},\"image\":{\"@id\":\"https:\\\/\\\/magicpool.se\\\/es\\\/#\\\/schema\\\/logo\\\/image\\\/\"},\"sameAs\":[\"https:\\\/\\\/www.facebook.com\\\/magicpool.se\\\/\",\"https:\\\/\\\/www.instagram.com\\\/magicpool\\\/\"]}]}<\/script>\n<!-- \/ Yoast SEO plugin. -->","yoast_head_json":{"title":"Iluminaci\u00f3n - MagicPool","description":"Iluminaci\u00f3n de piedra natural de Menhir: altavoces de exterior, luces LED y luminarias de dise\u00f1o que crean ambiente","robots":{"index":"index","follow":"follow","max-snippet":"max-snippet:-1","max-image-preview":"max-image-preview:large","max-video-preview":"max-video-preview:-1"},"canonical":"https:\/\/magicpool.se\/es\/accesorios-para-piscinas\/iluminacion\/","og_locale":"es_ES","og_type":"article","og_title":"Iluminaci\u00f3n - MagicPool","og_description":"Iluminaci\u00f3n de piedra natural de Menhir: altavoces de exterior, luces LED y luminarias de dise\u00f1o que crean ambiente","og_url":"https:\/\/magicpool.se\/es\/accesorios-para-piscinas\/iluminacion\/","og_site_name":"MagicPool","article_publisher":"https:\/\/www.facebook.com\/magicpool.se\/","article_modified_time":"2025-10-29T14:58:10+00:00","og_image":[{"width":2560,"height":1707,"url":"https:\/\/magicpool.se\/wp-content\/uploads\/2025\/10\/V2_Magic_Pool_Villa_Masshult_Oppen_Pool-scaled.jpg","type":"image\/jpeg"}],"twitter_card":"summary_large_image","schema":{"@context":"https:\/\/schema.org","@graph":[{"@type":"WebPage","@id":"https:\/\/magicpool.se\/es\/accesorios-para-piscinas\/iluminacion\/","url":"https:\/\/magicpool.se\/es\/accesorios-para-piscinas\/iluminacion\/","name":"Iluminaci\u00f3n - MagicPool","isPartOf":{"@id":"https:\/\/magicpool.se\/es\/#website"},"datePublished":"2025-09-04T08:11:06+00:00","dateModified":"2025-10-29T14:58:10+00:00","description":"Iluminaci\u00f3n de piedra natural de Menhir: altavoces de exterior, luces LED y luminarias de dise\u00f1o que crean ambiente","breadcrumb":{"@id":"https:\/\/magicpool.se\/es\/accesorios-para-piscinas\/iluminacion\/#breadcrumb"},"inLanguage":"es","potentialAction":[{"@type":"ReadAction","target":["https:\/\/magicpool.se\/es\/accesorios-para-piscinas\/iluminacion\/"]}]},{"@type":"BreadcrumbList","@id":"https:\/\/magicpool.se\/es\/accesorios-para-piscinas\/iluminacion\/#breadcrumb","itemListElement":[{"@type":"ListItem","position":1,"name":"Home","item":"https:\/\/magicpool.se\/es\/"},{"@type":"ListItem","position":2,"name":"Accesorios para piscinas","item":"https:\/\/magicpool.se\/es\/accesorios-para-piscinas\/"},{"@type":"ListItem","position":3,"name":"Iluminaci\u00f3n"}]},{"@type":"WebSite","@id":"https:\/\/magicpool.se\/es\/#website","url":"https:\/\/magicpool.se\/es\/","name":"MagicPool","description":"","publisher":{"@id":"https:\/\/magicpool.se\/es\/#organization"},"potentialAction":[{"@type":"SearchAction","target":{"@type":"EntryPoint","urlTemplate":"https:\/\/magicpool.se\/es\/?s={search_term_string}"},"query-input":{"@type":"PropertyValueSpecification","valueRequired":true,"valueName":"search_term_string"}}],"inLanguage":"es"},{"@type":"Organization","@id":"https:\/\/magicpool.se\/es\/#organization","name":"MagicPool","url":"https:\/\/magicpool.se\/es\/","logo":{"@type":"ImageObject","inLanguage":"es","@id":"https:\/\/magicpool.se\/es\/#\/schema\/logo\/image\/","url":"https:\/\/magicpool.se\/wp-content\/uploads\/2025\/10\/Logotyp_Magicpool_Guld_RGB.svg","contentUrl":"https:\/\/magicpool.se\/wp-content\/uploads\/2025\/10\/Logotyp_Magicpool_Guld_RGB.svg","width":1025,"height":257,"caption":"MagicPool"},"image":{"@id":"https:\/\/magicpool.se\/es\/#\/schema\/logo\/image\/"},"sameAs":["https:\/\/www.facebook.com\/magicpool.se\/","https:\/\/www.instagram.com\/magicpool\/"]}]}},"_links":{"self":[{"href":"https:\/\/magicpool.se\/es\/wp-json\/wp\/v2\/pages\/2547","targetHints":{"allow":["GET"]}}],"collection":[{"href":"https:\/\/magicpool.se\/es\/wp-json\/wp\/v2\/pages"}],"about":[{"href":"https:\/\/magicpool.se\/es\/wp-json\/wp\/v2\/types\/page"}],"author":[{"embeddable":true,"href":"https:\/\/magicpool.se\/es\/wp-json\/wp\/v2\/users\/1"}],"replies":[{"embeddable":true,"href":"https:\/\/magicpool.se\/es\/wp-json\/wp\/v2\/comments?post=2547"}],"version-history":[{"count":1,"href":"https:\/\/magicpool.se\/es\/wp-json\/wp\/v2\/pages\/2547\/revisions"}],"predecessor-version":[{"id":2549,"href":"https:\/\/magicpool.se\/es\/wp-json\/wp\/v2\/pages\/2547\/revisions\/2549"}],"up":[{"embeddable":true,"href":"https:\/\/magicpool.se\/es\/wp-json\/wp\/v2\/pages\/2668"}],"wp:attachment":[{"href":"https:\/\/magicpool.se\/es\/wp-json\/wp\/v2\/media?parent=2547"}],"curies":[{"name":"wp","href":"https:\/\/api.w.org\/{rel}","templated":true}]}}