{"id":2599,"date":"2025-09-11T09:01:48","date_gmt":"2025-09-11T07:01:48","guid":{"rendered":"https:\/\/magicpool.se\/sauna\/"},"modified":"2025-10-29T16:00:13","modified_gmt":"2025-10-29T15:00:13","slug":"sauna","status":"publish","type":"page","link":"https:\/\/magicpool.se\/es\/spa\/sauna\/","title":{"rendered":"Sauna"},"content":{"rendered":"\n<div class=\"wp-block-stackable-hero stk-block-hero stk-block stk-1e26703 stk-block-background jokSafeFullHeight stk--has-background-overlay\" data-v=\"2\" data-block-id=\"1e26703\"><style>.stk-1e26703 {background-image:url(https:\/\/magicpool.se\/wp-content\/uploads\/2025\/10\/drop-sauna-1-crop.jpg) !important;align-items:flex-end !important;padding-top:0px !important;padding-right:0px !important;padding-bottom:40px !important;padding-left:0px !important;margin-bottom:0px !important;display:flex !important;}.stk-1e26703-container{background-color:#00000000 !important;}.stk-1e26703-container:before{background-color:#00000000 !important;}.stk-1e26703 .stk-block-hero__content{min-height:300px !important;align-items:center !important;display:flex !important;}<\/style><style class=\"stk-custom-css\">.stk-1e26703.stk-block-hero .stk-video-background{object-position:30% center !important}<\/style><div class=\"stk-block-hero__content stk-content-align stk-1e26703-column stk-container stk-1e26703-container stk-hover-parent\"><div class=\"stk-block-content stk-inner-blocks has-text-align-center stk-1e26703-inner-blocks\">\n<div class=\"wp-block-stackable-heading stk-block-heading stk-block-heading--v2 stk-block stk-0af4074\" id=\"bastu\" data-block-id=\"0af4074\"><style>.stk-0af4074 .stk-block-heading__text{font-size:60px !important;color:#ffffff !important;font-weight:200 !important;font-family:\"Outfit\", Sans-serif !important;}@media screen and (max-width: 1023px){.stk-0af4074 .stk-block-heading__text{font-size:40px !important;}}<\/style><h1 class=\"stk-block-heading__text has-text-color\">Sauna<\/h1><\/div>\n\n\n\n<div class=\"wp-block-stackable-button-group stk-block-button-group stk-block stk-55e872e\" data-block-id=\"55e872e\"><div class=\"stk-row stk-inner-blocks stk-block-content stk-button-group\">\n<div class=\"wp-block-stackable-button stk-block-button is-style-ghost stk-block stk-cd790e1\" data-block-id=\"cd790e1\"><style>.stk-cd790e1 .stk-button{padding-right:36px !important;padding-left:36px !important;background:transparent !important;border-top-left-radius:40px !important;border-top-right-radius:40px !important;border-bottom-right-radius:40px !important;border-bottom-left-radius:40px !important;}.stk-cd790e1 .stk-button:hover:after{background:transparent !important;opacity:1 !important;}:where(.stk-hover-parent:hover,  .stk-hover-parent.stk--is-hovered) .stk-cd790e1 .stk-button:after{background:transparent !important;opacity:1 !important;}.stk-cd790e1 .stk-button:before{border-style:solid !important;border-color:var(--jok-secondary-color) !important;border-top-width:1px !important;border-right-width:1px !important;border-bottom-width:1px !important;border-left-width:1px !important;}.stk-cd790e1 .stk-button__inner-text{font-size:15px !important;color:var(--jok-secondary-color) !important;font-weight:400 !important;}@media screen and (max-width: 1023px){.stk-cd790e1 .stk-button__inner-text{font-size:15px !important;}}<\/style><a class=\"stk-link stk-button stk--hover-effect-darken\" href=\"#produkter-kallbad\"><span class=\"has-text-color stk-button__inner-text\">Ver productos<\/span><\/a><\/div>\n<\/div><\/div>\n<\/div><\/div><\/div>\n\n<div class=\"wp-block-stackable-columns stk-block-columns stk-block stk-c7baece stk-block-background\" id=\"produkter-kallbad\" data-block-id=\"c7baece\"><style>.stk-c7baece {background-color:var(--jok-primary-color) !important;padding-top:120px !important;padding-bottom:120px !important;margin-bottom:0px !important;}.stk-c7baece:before{background-color:var(--jok-primary-color) !important;}.stk-c7baece-column{max-width:1064px !important;min-width:auto !important;}<\/style><div class=\"stk-row stk-inner-blocks stk-block-content stk-content-align stk-c7baece-column\">\n<div class=\"wp-block-stackable-column stk-block-column stk-column stk-block stk-44d06c3\" data-v=\"4\" data-block-id=\"44d06c3\"><div class=\"stk-column-wrapper stk-block-column__content stk-container stk-44d06c3-container stk--no-background stk--no-padding\"><div class=\"stk-block-content stk-inner-blocks stk-44d06c3-inner-blocks\">\n    <div class=\"mpProducts mpProducts__container\">\n                    <div class=\"mpProducts mpProducts__cardWrapper\">\n                <a href=\"https:\/\/magicpool.se\/es\/productos\/drop-sauna\/\" class=\"mpProducts mpProducts__imageWrapper\">\n                    <img loading=\"lazy\" decoding=\"async\" width=\"1200\" height=\"1199\" src=\"https:\/\/magicpool.se\/wp-content\/uploads\/2025\/08\/drop-sauna-website-product-1-_541.jpg\" class=\"attachment-full size-full\" alt=\"Drop Sauna\" srcset=\"https:\/\/magicpool.se\/wp-content\/uploads\/2025\/08\/drop-sauna-website-product-1-_541.jpg 1200w, https:\/\/magicpool.se\/wp-content\/uploads\/2025\/08\/drop-sauna-website-product-1-_541-300x300.jpg 300w, https:\/\/magicpool.se\/wp-content\/uploads\/2025\/08\/drop-sauna-website-product-1-_541-1024x1024.jpg 1024w, https:\/\/magicpool.se\/wp-content\/uploads\/2025\/08\/drop-sauna-website-product-1-_541-150x150.jpg 150w, https:\/\/magicpool.se\/wp-content\/uploads\/2025\/08\/drop-sauna-website-product-1-_541-768x767.jpg 768w\" sizes=\"auto, (max-width: 1200px) 100vw, 1200px\" \/>                <\/a>\n\n                <h2 class=\"mpProducts mpProducts__heading\">\n                    Drop Sauna                <\/h2>\n\n                <div class=\"mpProducts mpProducts__excerpt\">\n                    Una sauna Drop es el complemento perfecto tanto para casas de veraneo como para terrazas dom\u00e9sticas, al igual que otros productos ic\u00f3nicos de Drop                <\/div>\n\n                <div class=\"mpProducts mpProducts__buttonsWrapper\">\n                    <a href=\"https:\/\/magicpool.se\/es\/productos\/drop-sauna\/\" class=\"mpProducts mpProducts__merInfo\">\n                        Seguir leyendo                    <\/a>\n                    <a href=\"https:\/\/magicpool.se\/es\/productos\/drop-sauna\/#offert\" class=\"mpProducts mpProducts__offert\">\n                        Oferta                    <\/a>\n                <\/div>\n            <\/div>\n        \n    <\/div>\n\n<\/div><\/div><\/div>\n<\/div><\/div>\n","protected":false},"excerpt":{"rendered":"<p>Sauna Ver productos<\/p>\n","protected":false},"author":1,"featured_media":0,"parent":2737,"menu_order":11,"comment_status":"closed","ping_status":"closed","template":"","meta":{"_acf_changed":false,"footnotes":""},"class_list":["post-2599","page","type-page","status-publish","hentry"],"acf":[],"yoast_head":"<!-- This site is optimized with the Yoast SEO plugin v27.4 - https:\/\/yoast.com\/product\/yoast-seo-wordpress\/ -->\n<title>Ba\u00f1o fr\u00edo - MagicPool<\/title>\n<meta name=\"description\" content=\"La sauna Drop llave en mano trae la tradici\u00f3n finlandesa y es adecuada para casas de veraneo y terrazas - s\u00f3lo se necesita electricidad y una superficie plana\" \/>\n<meta name=\"robots\" content=\"index, follow, max-snippet:-1, max-image-preview:large, max-video-preview:-1\" \/>\n<link rel=\"canonical\" href=\"https:\/\/magicpool.se\/es\/spa\/sauna\/\" \/>\n<meta property=\"og:locale\" content=\"es_ES\" \/>\n<meta property=\"og:type\" content=\"article\" \/>\n<meta property=\"og:title\" content=\"Ba\u00f1o fr\u00edo - MagicPool\" \/>\n<meta property=\"og:description\" content=\"La sauna Drop llave en mano trae la tradici\u00f3n finlandesa y es adecuada para casas de veraneo y terrazas - s\u00f3lo se necesita electricidad y una superficie plana\" \/>\n<meta property=\"og:url\" content=\"https:\/\/magicpool.se\/es\/spa\/sauna\/\" \/>\n<meta property=\"og:site_name\" content=\"MagicPool\" \/>\n<meta property=\"article:publisher\" content=\"https:\/\/www.facebook.com\/magicpool.se\/\" \/>\n<meta property=\"article:modified_time\" content=\"2025-10-29T15:00:13+00:00\" \/>\n<meta property=\"og:image\" content=\"https:\/\/magicpool.se\/wp-content\/uploads\/2025\/10\/V2_Magic_Pool_Villa_Masshult_Oppen_Pool-scaled.jpg\" \/>\n\t<meta property=\"og:image:width\" content=\"2560\" \/>\n\t<meta property=\"og:image:height\" content=\"1707\" \/>\n\t<meta property=\"og:image:type\" content=\"image\/jpeg\" \/>\n<meta name=\"twitter:card\" content=\"summary_large_image\" \/>\n<script type=\"application\/ld+json\" class=\"yoast-schema-graph\">{\"@context\":\"https:\\\/\\\/schema.org\",\"@graph\":[{\"@type\":\"WebPage\",\"@id\":\"https:\\\/\\\/magicpool.se\\\/es\\\/spa\\\/sauna\\\/\",\"url\":\"https:\\\/\\\/magicpool.se\\\/es\\\/spa\\\/sauna\\\/\",\"name\":\"Ba\u00f1o fr\u00edo - MagicPool\",\"isPartOf\":{\"@id\":\"https:\\\/\\\/magicpool.se\\\/es\\\/#website\"},\"datePublished\":\"2025-09-11T07:01:48+00:00\",\"dateModified\":\"2025-10-29T15:00:13+00:00\",\"description\":\"La sauna Drop llave en mano trae la tradici\u00f3n finlandesa y es adecuada para casas de veraneo y terrazas - s\u00f3lo se necesita electricidad y una superficie plana\",\"breadcrumb\":{\"@id\":\"https:\\\/\\\/magicpool.se\\\/es\\\/spa\\\/sauna\\\/#breadcrumb\"},\"inLanguage\":\"es\",\"potentialAction\":[{\"@type\":\"ReadAction\",\"target\":[\"https:\\\/\\\/magicpool.se\\\/es\\\/spa\\\/sauna\\\/\"]}]},{\"@type\":\"BreadcrumbList\",\"@id\":\"https:\\\/\\\/magicpool.se\\\/es\\\/spa\\\/sauna\\\/#breadcrumb\",\"itemListElement\":[{\"@type\":\"ListItem\",\"position\":1,\"name\":\"Home\",\"item\":\"https:\\\/\\\/magicpool.se\\\/es\\\/\"},{\"@type\":\"ListItem\",\"position\":2,\"name\":\"Spa\",\"item\":\"https:\\\/\\\/magicpool.se\\\/es\\\/spa\\\/\"},{\"@type\":\"ListItem\",\"position\":3,\"name\":\"Sauna\"}]},{\"@type\":\"WebSite\",\"@id\":\"https:\\\/\\\/magicpool.se\\\/es\\\/#website\",\"url\":\"https:\\\/\\\/magicpool.se\\\/es\\\/\",\"name\":\"MagicPool\",\"description\":\"\",\"publisher\":{\"@id\":\"https:\\\/\\\/magicpool.se\\\/es\\\/#organization\"},\"potentialAction\":[{\"@type\":\"SearchAction\",\"target\":{\"@type\":\"EntryPoint\",\"urlTemplate\":\"https:\\\/\\\/magicpool.se\\\/es\\\/?s={search_term_string}\"},\"query-input\":{\"@type\":\"PropertyValueSpecification\",\"valueRequired\":true,\"valueName\":\"search_term_string\"}}],\"inLanguage\":\"es\"},{\"@type\":\"Organization\",\"@id\":\"https:\\\/\\\/magicpool.se\\\/es\\\/#organization\",\"name\":\"MagicPool\",\"url\":\"https:\\\/\\\/magicpool.se\\\/es\\\/\",\"logo\":{\"@type\":\"ImageObject\",\"inLanguage\":\"es\",\"@id\":\"https:\\\/\\\/magicpool.se\\\/es\\\/#\\\/schema\\\/logo\\\/image\\\/\",\"url\":\"https:\\\/\\\/magicpool.se\\\/wp-content\\\/uploads\\\/2025\\\/10\\\/Logotyp_Magicpool_Guld_RGB.svg\",\"contentUrl\":\"https:\\\/\\\/magicpool.se\\\/wp-content\\\/uploads\\\/2025\\\/10\\\/Logotyp_Magicpool_Guld_RGB.svg\",\"width\":1025,\"height\":257,\"caption\":\"MagicPool\"},\"image\":{\"@id\":\"https:\\\/\\\/magicpool.se\\\/es\\\/#\\\/schema\\\/logo\\\/image\\\/\"},\"sameAs\":[\"https:\\\/\\\/www.facebook.com\\\/magicpool.se\\\/\",\"https:\\\/\\\/www.instagram.com\\\/magicpool\\\/\"]}]}<\/script>\n<!-- \/ Yoast SEO plugin. -->","yoast_head_json":{"title":"Ba\u00f1o fr\u00edo - MagicPool","description":"La sauna Drop llave en mano trae la tradici\u00f3n finlandesa y es adecuada para casas de veraneo y terrazas - s\u00f3lo se necesita electricidad y una superficie plana","robots":{"index":"index","follow":"follow","max-snippet":"max-snippet:-1","max-image-preview":"max-image-preview:large","max-video-preview":"max-video-preview:-1"},"canonical":"https:\/\/magicpool.se\/es\/spa\/sauna\/","og_locale":"es_ES","og_type":"article","og_title":"Ba\u00f1o fr\u00edo - MagicPool","og_description":"La sauna Drop llave en mano trae la tradici\u00f3n finlandesa y es adecuada para casas de veraneo y terrazas - s\u00f3lo se necesita electricidad y una superficie plana","og_url":"https:\/\/magicpool.se\/es\/spa\/sauna\/","og_site_name":"MagicPool","article_publisher":"https:\/\/www.facebook.com\/magicpool.se\/","article_modified_time":"2025-10-29T15:00:13+00:00","og_image":[{"width":2560,"height":1707,"url":"https:\/\/magicpool.se\/wp-content\/uploads\/2025\/10\/V2_Magic_Pool_Villa_Masshult_Oppen_Pool-scaled.jpg","type":"image\/jpeg"}],"twitter_card":"summary_large_image","schema":{"@context":"https:\/\/schema.org","@graph":[{"@type":"WebPage","@id":"https:\/\/magicpool.se\/es\/spa\/sauna\/","url":"https:\/\/magicpool.se\/es\/spa\/sauna\/","name":"Ba\u00f1o fr\u00edo - MagicPool","isPartOf":{"@id":"https:\/\/magicpool.se\/es\/#website"},"datePublished":"2025-09-11T07:01:48+00:00","dateModified":"2025-10-29T15:00:13+00:00","description":"La sauna Drop llave en mano trae la tradici\u00f3n finlandesa y es adecuada para casas de veraneo y terrazas - s\u00f3lo se necesita electricidad y una superficie plana","breadcrumb":{"@id":"https:\/\/magicpool.se\/es\/spa\/sauna\/#breadcrumb"},"inLanguage":"es","potentialAction":[{"@type":"ReadAction","target":["https:\/\/magicpool.se\/es\/spa\/sauna\/"]}]},{"@type":"BreadcrumbList","@id":"https:\/\/magicpool.se\/es\/spa\/sauna\/#breadcrumb","itemListElement":[{"@type":"ListItem","position":1,"name":"Home","item":"https:\/\/magicpool.se\/es\/"},{"@type":"ListItem","position":2,"name":"Spa","item":"https:\/\/magicpool.se\/es\/spa\/"},{"@type":"ListItem","position":3,"name":"Sauna"}]},{"@type":"WebSite","@id":"https:\/\/magicpool.se\/es\/#website","url":"https:\/\/magicpool.se\/es\/","name":"MagicPool","description":"","publisher":{"@id":"https:\/\/magicpool.se\/es\/#organization"},"potentialAction":[{"@type":"SearchAction","target":{"@type":"EntryPoint","urlTemplate":"https:\/\/magicpool.se\/es\/?s={search_term_string}"},"query-input":{"@type":"PropertyValueSpecification","valueRequired":true,"valueName":"search_term_string"}}],"inLanguage":"es"},{"@type":"Organization","@id":"https:\/\/magicpool.se\/es\/#organization","name":"MagicPool","url":"https:\/\/magicpool.se\/es\/","logo":{"@type":"ImageObject","inLanguage":"es","@id":"https:\/\/magicpool.se\/es\/#\/schema\/logo\/image\/","url":"https:\/\/magicpool.se\/wp-content\/uploads\/2025\/10\/Logotyp_Magicpool_Guld_RGB.svg","contentUrl":"https:\/\/magicpool.se\/wp-content\/uploads\/2025\/10\/Logotyp_Magicpool_Guld_RGB.svg","width":1025,"height":257,"caption":"MagicPool"},"image":{"@id":"https:\/\/magicpool.se\/es\/#\/schema\/logo\/image\/"},"sameAs":["https:\/\/www.facebook.com\/magicpool.se\/","https:\/\/www.instagram.com\/magicpool\/"]}]}},"_links":{"self":[{"href":"https:\/\/magicpool.se\/es\/wp-json\/wp\/v2\/pages\/2599","targetHints":{"allow":["GET"]}}],"collection":[{"href":"https:\/\/magicpool.se\/es\/wp-json\/wp\/v2\/pages"}],"about":[{"href":"https:\/\/magicpool.se\/es\/wp-json\/wp\/v2\/types\/page"}],"author":[{"embeddable":true,"href":"https:\/\/magicpool.se\/es\/wp-json\/wp\/v2\/users\/1"}],"replies":[{"embeddable":true,"href":"https:\/\/magicpool.se\/es\/wp-json\/wp\/v2\/comments?post=2599"}],"version-history":[{"count":1,"href":"https:\/\/magicpool.se\/es\/wp-json\/wp\/v2\/pages\/2599\/revisions"}],"predecessor-version":[{"id":2601,"href":"https:\/\/magicpool.se\/es\/wp-json\/wp\/v2\/pages\/2599\/revisions\/2601"}],"up":[{"embeddable":true,"href":"https:\/\/magicpool.se\/es\/wp-json\/wp\/v2\/pages\/2737"}],"wp:attachment":[{"href":"https:\/\/magicpool.se\/es\/wp-json\/wp\/v2\/media?parent=2599"}],"curies":[{"name":"wp","href":"https:\/\/api.w.org\/{rel}","templated":true}]}}