{"id":2620,"date":"2025-09-11T15:49:54","date_gmt":"2025-09-11T13:49:54","guid":{"rendered":"https:\/\/magicpool.se\/banera-de-hidromasaje\/gota-spa\/"},"modified":"2025-10-29T15:57:51","modified_gmt":"2025-10-29T14:57:51","slug":"gota-spa","status":"publish","type":"page","link":"https:\/\/magicpool.se\/es\/spa\/banera-de-hidromasaje\/gota-spa\/","title":{"rendered":"Gota spa"},"content":{"rendered":"\n<div class=\"wp-block-stackable-hero stk-block-hero stk-block stk-1e26703 stk-block-background jokSafeFullHeight stk--has-background-overlay\" data-v=\"2\" data-block-id=\"1e26703\"><style>.stk-1e26703 {align-items:flex-end !important;padding-top:0px !important;padding-right:0px !important;padding-bottom:40px !important;padding-left:0px !important;margin-bottom:0px !important;display:flex !important;}.stk-1e26703-container{background-color:#00000000 !important;}.stk-1e26703-container:before{background-color:#00000000 !important;}.stk-1e26703 .stk-block-hero__content{min-height:300px !important;align-items:center !important;display:flex !important;}<\/style><style class=\"stk-custom-css\">.stk-1e26703.stk-block-hero .stk-video-background{object-position:30% center !important}<\/style><div class=\"stk-block-hero__content stk-content-align stk-1e26703-column stk-container stk-1e26703-container stk-hover-parent\"><div class=\"stk-block-content stk-inner-blocks has-text-align-center stk-1e26703-inner-blocks\">\n<div class=\"wp-block-stackable-heading stk-block-heading stk-block-heading--v2 stk-block stk-0af4074\" id=\"drop-spa\" data-block-id=\"0af4074\"><style>.stk-0af4074 .stk-block-heading__text{font-size:60px !important;color:#ffffff !important;font-weight:200 !important;font-family:\"Outfit\", Sans-serif !important;}@media screen and (max-width: 1023px){.stk-0af4074 .stk-block-heading__text{font-size:40px !important;}}<\/style><h1 class=\"stk-block-heading__text has-text-color\">Gota spa<\/h1><\/div>\n\n\n\n<div class=\"wp-block-stackable-text stk-block-text stk-block stk-d1989a4\" data-block-id=\"d1989a4\"><style>.stk-d1989a4 {max-width:624px !important;min-width:auto !important;margin-right:auto !important;margin-left:auto !important;}<\/style><p class=\"stk-block-text__text\">Una lujosa experiencia de ba\u00f1o m\u00e1s all\u00e1 de lo ordinario.<\/p><\/div>\n\n\n\n<div class=\"wp-block-stackable-button-group stk-block-button-group stk-block stk-55e872e\" data-block-id=\"55e872e\"><div class=\"stk-row stk-inner-blocks stk-block-content stk-button-group\">\n<div class=\"wp-block-stackable-button stk-block-button is-style-ghost stk-block stk-cd790e1\" data-block-id=\"cd790e1\"><style>.stk-cd790e1 .stk-button{padding-right:36px !important;padding-left:36px !important;background:transparent !important;border-top-left-radius:40px !important;border-top-right-radius:40px !important;border-bottom-right-radius:40px !important;border-bottom-left-radius:40px !important;}.stk-cd790e1 .stk-button:hover:after{background:transparent !important;opacity:1 !important;}:where(.stk-hover-parent:hover,  .stk-hover-parent.stk--is-hovered) .stk-cd790e1 .stk-button:after{background:transparent !important;opacity:1 !important;}.stk-cd790e1 .stk-button:before{border-style:solid !important;border-color:var(--jok-secondary-color) !important;border-top-width:1px !important;border-right-width:1px !important;border-bottom-width:1px !important;border-left-width:1px !important;}.stk-cd790e1 .stk-button__inner-text{font-size:15px !important;color:var(--jok-secondary-color) !important;font-weight:400 !important;}@media screen and (max-width: 1023px){.stk-cd790e1 .stk-button__inner-text{font-size:15px !important;}}<\/style><a class=\"stk-link stk-button stk--hover-effect-darken\" href=\"#produkter-kallbad\"><span class=\"has-text-color stk-button__inner-text\">Ver productos<\/span><\/a><\/div>\n<\/div><\/div>\n<\/div><\/div><video class=\"stk-video-background\" autoplay muted loop playsinline src=\"https:\/\/magicpool.se\/wp-content\/uploads\/2025\/10\/Drop_Baro.mp4\" poster=\"\"><\/video><\/div>\n\n<div class=\"wp-block-stackable-columns stk-block-columns stk-block stk-c7baece stk-block-background\" id=\"produkter-kallbad\" data-block-id=\"c7baece\"><style>.stk-c7baece {background-color:var(--jok-primary-color) !important;padding-top:120px !important;padding-bottom:120px !important;margin-bottom:0px !important;}.stk-c7baece:before{background-color:var(--jok-primary-color) !important;}.stk-c7baece-column{max-width:1064px !important;min-width:auto !important;}<\/style><div class=\"stk-row stk-inner-blocks stk-block-content stk-content-align stk-c7baece-column\">\n<div class=\"wp-block-stackable-column stk-block-column stk-column stk-block stk-44d06c3\" data-v=\"4\" data-block-id=\"44d06c3\"><div class=\"stk-column-wrapper stk-block-column__content stk-container stk-44d06c3-container stk--no-background stk--no-padding\"><div class=\"stk-block-content stk-inner-blocks stk-44d06c3-inner-blocks\">\n    <div class=\"mpProducts mpProducts__container\">\n                    <div class=\"mpProducts mpProducts__cardWrapper\">\n                <a href=\"https:\/\/magicpool.se\/es\/productos\/malla-de-caida\/\" class=\"mpProducts mpProducts__imageWrapper\">\n                    <img loading=\"lazy\" decoding=\"async\" width=\"1200\" height=\"837\" src=\"https:\/\/magicpool.se\/wp-content\/uploads\/2025\/09\/Drop-design-spa-lahde-product-1_163_363.jpg\" class=\"attachment-full size-full\" alt=\"Drop L\u00e4hde\" srcset=\"https:\/\/magicpool.se\/wp-content\/uploads\/2025\/09\/Drop-design-spa-lahde-product-1_163_363.jpg 1200w, https:\/\/magicpool.se\/wp-content\/uploads\/2025\/09\/Drop-design-spa-lahde-product-1_163_363-300x209.jpg 300w, https:\/\/magicpool.se\/wp-content\/uploads\/2025\/09\/Drop-design-spa-lahde-product-1_163_363-1024x714.jpg 1024w, https:\/\/magicpool.se\/wp-content\/uploads\/2025\/09\/Drop-design-spa-lahde-product-1_163_363-768x536.jpg 768w\" sizes=\"auto, (max-width: 1200px) 100vw, 1200px\" \/>                <\/a>\n\n                <h2 class=\"mpProducts mpProducts__heading\">\n                    Drop L\u00e4hde                <\/h2>\n\n                <div class=\"mpProducts mpProducts__excerpt\">\n                    Dise\u00f1ada y fabricada en Finlandia, la piscina de hidromasaje exterior Drop L\u00e4hde garantiza una experiencia de ba\u00f1o de primera clase.                <\/div>\n\n                <div class=\"mpProducts mpProducts__buttonsWrapper\">\n                    <a href=\"https:\/\/magicpool.se\/es\/productos\/malla-de-caida\/\" class=\"mpProducts mpProducts__merInfo\">\n                        Seguir leyendo                    <\/a>\n                    <a href=\"https:\/\/magicpool.se\/es\/productos\/malla-de-caida\/#offert\" class=\"mpProducts mpProducts__offert\">\n                        Oferta                    <\/a>\n                <\/div>\n            <\/div>\n                    <div class=\"mpProducts mpProducts__cardWrapper\">\n                <a href=\"https:\/\/magicpool.se\/es\/productos\/gota-vuolle\/\" class=\"mpProducts mpProducts__imageWrapper\">\n                    <img loading=\"lazy\" decoding=\"async\" width=\"1200\" height=\"1200\" src=\"https:\/\/magicpool.se\/wp-content\/uploads\/2025\/09\/Drop-design-spa-vuolle-product_157_333.jpg\" class=\"attachment-full size-full\" alt=\"Gota Vuolle\" srcset=\"https:\/\/magicpool.se\/wp-content\/uploads\/2025\/09\/Drop-design-spa-vuolle-product_157_333.jpg 1200w, https:\/\/magicpool.se\/wp-content\/uploads\/2025\/09\/Drop-design-spa-vuolle-product_157_333-300x300.jpg 300w, https:\/\/magicpool.se\/wp-content\/uploads\/2025\/09\/Drop-design-spa-vuolle-product_157_333-1024x1024.jpg 1024w, https:\/\/magicpool.se\/wp-content\/uploads\/2025\/09\/Drop-design-spa-vuolle-product_157_333-150x150.jpg 150w, https:\/\/magicpool.se\/wp-content\/uploads\/2025\/09\/Drop-design-spa-vuolle-product_157_333-768x768.jpg 768w\" sizes=\"auto, (max-width: 1200px) 100vw, 1200px\" \/>                <\/a>\n\n                <h2 class=\"mpProducts mpProducts__heading\">\n                    Gota Vuolle                <\/h2>\n\n                <div class=\"mpProducts mpProducts__excerpt\">\n                    La Drop Vuolle es una moderna piscina spa de exterior que combina el dise\u00f1o atemporal de la piscina Drop con boquillas de masaje y la tecnolog\u00eda m\u00e1s avanzada en spas de exterior.                <\/div>\n\n                <div class=\"mpProducts mpProducts__buttonsWrapper\">\n                    <a href=\"https:\/\/magicpool.se\/es\/productos\/gota-vuolle\/\" class=\"mpProducts mpProducts__merInfo\">\n                        Seguir leyendo                    <\/a>\n                    <a href=\"https:\/\/magicpool.se\/es\/productos\/gota-vuolle\/#offert\" class=\"mpProducts mpProducts__offert\">\n                        Oferta                    <\/a>\n                <\/div>\n            <\/div>\n                    <div class=\"mpProducts mpProducts__cardWrapper\">\n                <a href=\"https:\/\/magicpool.se\/es\/productos\/caida-x\/\" class=\"mpProducts mpProducts__imageWrapper\">\n                    <img loading=\"lazy\" decoding=\"async\" width=\"1200\" height=\"1200\" src=\"https:\/\/magicpool.se\/wp-content\/uploads\/2025\/09\/Drop-design-spa-x-product_154_340.jpg\" class=\"attachment-full size-full\" alt=\"Ca\u00edda x\" srcset=\"https:\/\/magicpool.se\/wp-content\/uploads\/2025\/09\/Drop-design-spa-x-product_154_340.jpg 1200w, https:\/\/magicpool.se\/wp-content\/uploads\/2025\/09\/Drop-design-spa-x-product_154_340-300x300.jpg 300w, https:\/\/magicpool.se\/wp-content\/uploads\/2025\/09\/Drop-design-spa-x-product_154_340-1024x1024.jpg 1024w, https:\/\/magicpool.se\/wp-content\/uploads\/2025\/09\/Drop-design-spa-x-product_154_340-150x150.jpg 150w, https:\/\/magicpool.se\/wp-content\/uploads\/2025\/09\/Drop-design-spa-x-product_154_340-768x768.jpg 768w\" sizes=\"auto, (max-width: 1200px) 100vw, 1200px\" \/>                <\/a>\n\n                <h2 class=\"mpProducts mpProducts__heading\">\n                    Ca\u00edda x                <\/h2>\n\n                <div class=\"mpProducts mpProducts__excerpt\">\n                    El Drop X ofrece una experiencia de ba\u00f1o de lujo fuera de lo com\u00fan. Con asientos para hasta ocho personas, asientos de masaje para cinco y un total de 46 boquillas de agua masajeadoras                 <\/div>\n\n                <div class=\"mpProducts mpProducts__buttonsWrapper\">\n                    <a href=\"https:\/\/magicpool.se\/es\/productos\/caida-x\/\" class=\"mpProducts mpProducts__merInfo\">\n                        Seguir leyendo                    <\/a>\n                    <a href=\"https:\/\/magicpool.se\/es\/productos\/caida-x\/#offert\" class=\"mpProducts mpProducts__offert\">\n                        Oferta                    <\/a>\n                <\/div>\n            <\/div>\n                    <div class=\"mpProducts mpProducts__cardWrapper\">\n                <a href=\"https:\/\/magicpool.se\/es\/productos\/gota-lampi\/\" class=\"mpProducts mpProducts__imageWrapper\">\n                    <img loading=\"lazy\" decoding=\"async\" width=\"675\" height=\"414\" src=\"https:\/\/magicpool.se\/wp-content\/uploads\/2025\/09\/DROP-Lampi-Eluppvarmning.png\" class=\"attachment-full size-full\" alt=\"Gota Lampi\" srcset=\"https:\/\/magicpool.se\/wp-content\/uploads\/2025\/09\/DROP-Lampi-Eluppvarmning.png 675w, https:\/\/magicpool.se\/wp-content\/uploads\/2025\/09\/DROP-Lampi-Eluppvarmning-300x184.png 300w\" sizes=\"auto, (max-width: 675px) 100vw, 675px\" \/>                <\/a>\n\n                <h2 class=\"mpProducts mpProducts__heading\">\n                    Gota Lampi                <\/h2>\n\n                <div class=\"mpProducts mpProducts__excerpt\">\n                    Describiendo la naturaleza finlandesa en estado puro, la paz y la belleza de Laponia, Drop Lampi es un hermoso refugio para la relajaci\u00f3n.                  <\/div>\n\n                <div class=\"mpProducts mpProducts__buttonsWrapper\">\n                    <a href=\"https:\/\/magicpool.se\/es\/productos\/gota-lampi\/\" class=\"mpProducts mpProducts__merInfo\">\n                        Seguir leyendo                    <\/a>\n                    <a href=\"https:\/\/magicpool.se\/es\/productos\/gota-lampi\/#offert\" class=\"mpProducts mpProducts__offert\">\n                        Oferta                    <\/a>\n                <\/div>\n            <\/div>\n                    <div class=\"mpProducts mpProducts__cardWrapper\">\n                <a href=\"https:\/\/magicpool.se\/es\/productos\/gota-de-pisara\/\" class=\"mpProducts mpProducts__imageWrapper\">\n                    <img loading=\"lazy\" decoding=\"async\" width=\"1334\" height=\"818\" src=\"https:\/\/magicpool.se\/wp-content\/uploads\/2025\/09\/Ved-eldad-terasspool-Drop.png\" class=\"attachment-full size-full\" alt=\"Gota de Pisara\" srcset=\"https:\/\/magicpool.se\/wp-content\/uploads\/2025\/09\/Ved-eldad-terasspool-Drop.png 1334w, https:\/\/magicpool.se\/wp-content\/uploads\/2025\/09\/Ved-eldad-terasspool-Drop-300x184.png 300w, https:\/\/magicpool.se\/wp-content\/uploads\/2025\/09\/Ved-eldad-terasspool-Drop-1024x628.png 1024w, https:\/\/magicpool.se\/wp-content\/uploads\/2025\/09\/Ved-eldad-terasspool-Drop-768x471.png 768w\" sizes=\"auto, (max-width: 1334px) 100vw, 1334px\" \/>                <\/a>\n\n                <h2 class=\"mpProducts mpProducts__heading\">\n                    Gota de Pisara                <\/h2>\n\n                <div class=\"mpProducts mpProducts__excerpt\">\n                    De todos nuestros balnearios, Pisara es el \u00fanico que no se calienta el\u00e9ctricamente, sino mediante una estufa.                <\/div>\n\n                <div class=\"mpProducts mpProducts__buttonsWrapper\">\n                    <a href=\"https:\/\/magicpool.se\/es\/productos\/gota-de-pisara\/\" class=\"mpProducts mpProducts__merInfo\">\n                        Seguir leyendo                    <\/a>\n                    <a href=\"https:\/\/magicpool.se\/es\/productos\/gota-de-pisara\/#offert\" class=\"mpProducts mpProducts__offert\">\n                        Oferta                    <\/a>\n                <\/div>\n            <\/div>\n                    <div class=\"mpProducts mpProducts__cardWrapper\">\n                <a href=\"https:\/\/magicpool.se\/es\/productos\/caida-s\/\" class=\"mpProducts mpProducts__imageWrapper\">\n                    <img loading=\"lazy\" decoding=\"async\" width=\"675\" height=\"412\" src=\"https:\/\/magicpool.se\/wp-content\/uploads\/2025\/09\/Drop-S.webp\" class=\"attachment-full size-full\" alt=\"Ca\u00edda S\" srcset=\"https:\/\/magicpool.se\/wp-content\/uploads\/2025\/09\/Drop-S.webp 675w, https:\/\/magicpool.se\/wp-content\/uploads\/2025\/09\/Drop-S-300x183.webp 300w\" sizes=\"auto, (max-width: 675px) 100vw, 675px\" \/>                <\/a>\n\n                <h2 class=\"mpProducts mpProducts__heading\">\n                    Ca\u00edda S                <\/h2>\n\n                <div class=\"mpProducts mpProducts__excerpt\">\n                    Drop S es un elegante spa redondo que combina el dise\u00f1o minimalista de Drop Pool con la moderna tecnolog\u00eda de spa.                <\/div>\n\n                <div class=\"mpProducts mpProducts__buttonsWrapper\">\n                    <a href=\"https:\/\/magicpool.se\/es\/productos\/caida-s\/\" class=\"mpProducts mpProducts__merInfo\">\n                        Seguir leyendo                    <\/a>\n                    <a href=\"https:\/\/magicpool.se\/es\/productos\/caida-s\/#offert\" class=\"mpProducts mpProducts__offert\">\n                        Oferta                    <\/a>\n                <\/div>\n            <\/div>\n        \n    <\/div>\n\n<\/div><\/div><\/div>\n<\/div><\/div>\n","protected":false},"excerpt":{"rendered":"<p>Gota spa Una lujosa experiencia de ba\u00f1o m\u00e1s all\u00e1 de lo ordinario. Ver productos<\/p>\n","protected":false},"author":1,"featured_media":0,"parent":2563,"menu_order":11,"comment_status":"closed","ping_status":"closed","template":"","meta":{"_acf_changed":false,"footnotes":""},"class_list":["post-2620","page","type-page","status-publish","hentry"],"acf":[],"yoast_head":"<!-- This site is optimized with the Yoast SEO plugin v27.4 - https:\/\/yoast.com\/product\/yoast-seo-wordpress\/ -->\n<title>Drop spa - MagicPool<\/title>\n<meta name=\"description\" content=\"Drop spas: piscinas de spa al aire libre de dise\u00f1o finland\u00e9s con burbujas desde el fondo y sensaci\u00f3n de manantial cristalino\" \/>\n<meta name=\"robots\" content=\"index, follow, max-snippet:-1, max-image-preview:large, max-video-preview:-1\" \/>\n<link rel=\"canonical\" href=\"https:\/\/magicpool.se\/es\/spa\/banera-de-hidromasaje\/gota-spa\/\" \/>\n<meta property=\"og:locale\" content=\"es_ES\" \/>\n<meta property=\"og:type\" content=\"article\" \/>\n<meta property=\"og:title\" content=\"Drop spa - MagicPool\" \/>\n<meta property=\"og:description\" content=\"Drop spas: piscinas de spa al aire libre de dise\u00f1o finland\u00e9s con burbujas desde el fondo y sensaci\u00f3n de manantial cristalino\" \/>\n<meta property=\"og:url\" content=\"https:\/\/magicpool.se\/es\/spa\/banera-de-hidromasaje\/gota-spa\/\" \/>\n<meta property=\"og:site_name\" content=\"MagicPool\" \/>\n<meta property=\"article:publisher\" content=\"https:\/\/www.facebook.com\/magicpool.se\/\" \/>\n<meta property=\"article:modified_time\" content=\"2025-10-29T14:57:51+00:00\" \/>\n<meta property=\"og:image\" content=\"https:\/\/magicpool.se\/wp-content\/uploads\/2025\/10\/V2_Magic_Pool_Villa_Masshult_Oppen_Pool-scaled.jpg\" \/>\n\t<meta property=\"og:image:width\" content=\"2560\" \/>\n\t<meta property=\"og:image:height\" content=\"1707\" \/>\n\t<meta property=\"og:image:type\" content=\"image\/jpeg\" \/>\n<meta name=\"twitter:card\" content=\"summary_large_image\" \/>\n<script type=\"application\/ld+json\" class=\"yoast-schema-graph\">{\"@context\":\"https:\\\/\\\/schema.org\",\"@graph\":[{\"@type\":\"WebPage\",\"@id\":\"https:\\\/\\\/magicpool.se\\\/es\\\/spa\\\/banera-de-hidromasaje\\\/gota-spa\\\/\",\"url\":\"https:\\\/\\\/magicpool.se\\\/es\\\/spa\\\/banera-de-hidromasaje\\\/gota-spa\\\/\",\"name\":\"Drop spa - MagicPool\",\"isPartOf\":{\"@id\":\"https:\\\/\\\/magicpool.se\\\/es\\\/#website\"},\"datePublished\":\"2025-09-11T13:49:54+00:00\",\"dateModified\":\"2025-10-29T14:57:51+00:00\",\"description\":\"Drop spas: piscinas de spa al aire libre de dise\u00f1o finland\u00e9s con burbujas desde el fondo y sensaci\u00f3n de manantial cristalino\",\"breadcrumb\":{\"@id\":\"https:\\\/\\\/magicpool.se\\\/es\\\/spa\\\/banera-de-hidromasaje\\\/gota-spa\\\/#breadcrumb\"},\"inLanguage\":\"es\",\"potentialAction\":[{\"@type\":\"ReadAction\",\"target\":[\"https:\\\/\\\/magicpool.se\\\/es\\\/spa\\\/banera-de-hidromasaje\\\/gota-spa\\\/\"]}]},{\"@type\":\"BreadcrumbList\",\"@id\":\"https:\\\/\\\/magicpool.se\\\/es\\\/spa\\\/banera-de-hidromasaje\\\/gota-spa\\\/#breadcrumb\",\"itemListElement\":[{\"@type\":\"ListItem\",\"position\":1,\"name\":\"Home\",\"item\":\"https:\\\/\\\/magicpool.se\\\/es\\\/\"},{\"@type\":\"ListItem\",\"position\":2,\"name\":\"Spa\",\"item\":\"https:\\\/\\\/magicpool.se\\\/es\\\/spa\\\/\"},{\"@type\":\"ListItem\",\"position\":3,\"name\":\"Ba\u00f1era de hidromasaje\",\"item\":\"https:\\\/\\\/magicpool.se\\\/es\\\/spa\\\/banera-de-hidromasaje\\\/\"},{\"@type\":\"ListItem\",\"position\":4,\"name\":\"Gota spa\"}]},{\"@type\":\"WebSite\",\"@id\":\"https:\\\/\\\/magicpool.se\\\/es\\\/#website\",\"url\":\"https:\\\/\\\/magicpool.se\\\/es\\\/\",\"name\":\"MagicPool\",\"description\":\"\",\"publisher\":{\"@id\":\"https:\\\/\\\/magicpool.se\\\/es\\\/#organization\"},\"potentialAction\":[{\"@type\":\"SearchAction\",\"target\":{\"@type\":\"EntryPoint\",\"urlTemplate\":\"https:\\\/\\\/magicpool.se\\\/es\\\/?s={search_term_string}\"},\"query-input\":{\"@type\":\"PropertyValueSpecification\",\"valueRequired\":true,\"valueName\":\"search_term_string\"}}],\"inLanguage\":\"es\"},{\"@type\":\"Organization\",\"@id\":\"https:\\\/\\\/magicpool.se\\\/es\\\/#organization\",\"name\":\"MagicPool\",\"url\":\"https:\\\/\\\/magicpool.se\\\/es\\\/\",\"logo\":{\"@type\":\"ImageObject\",\"inLanguage\":\"es\",\"@id\":\"https:\\\/\\\/magicpool.se\\\/es\\\/#\\\/schema\\\/logo\\\/image\\\/\",\"url\":\"https:\\\/\\\/magicpool.se\\\/wp-content\\\/uploads\\\/2025\\\/10\\\/Logotyp_Magicpool_Guld_RGB.svg\",\"contentUrl\":\"https:\\\/\\\/magicpool.se\\\/wp-content\\\/uploads\\\/2025\\\/10\\\/Logotyp_Magicpool_Guld_RGB.svg\",\"width\":1025,\"height\":257,\"caption\":\"MagicPool\"},\"image\":{\"@id\":\"https:\\\/\\\/magicpool.se\\\/es\\\/#\\\/schema\\\/logo\\\/image\\\/\"},\"sameAs\":[\"https:\\\/\\\/www.facebook.com\\\/magicpool.se\\\/\",\"https:\\\/\\\/www.instagram.com\\\/magicpool\\\/\"]}]}<\/script>\n<!-- \/ Yoast SEO plugin. -->","yoast_head_json":{"title":"Drop spa - MagicPool","description":"Drop spas: piscinas de spa al aire libre de dise\u00f1o finland\u00e9s con burbujas desde el fondo y sensaci\u00f3n de manantial cristalino","robots":{"index":"index","follow":"follow","max-snippet":"max-snippet:-1","max-image-preview":"max-image-preview:large","max-video-preview":"max-video-preview:-1"},"canonical":"https:\/\/magicpool.se\/es\/spa\/banera-de-hidromasaje\/gota-spa\/","og_locale":"es_ES","og_type":"article","og_title":"Drop spa - MagicPool","og_description":"Drop spas: piscinas de spa al aire libre de dise\u00f1o finland\u00e9s con burbujas desde el fondo y sensaci\u00f3n de manantial cristalino","og_url":"https:\/\/magicpool.se\/es\/spa\/banera-de-hidromasaje\/gota-spa\/","og_site_name":"MagicPool","article_publisher":"https:\/\/www.facebook.com\/magicpool.se\/","article_modified_time":"2025-10-29T14:57:51+00:00","og_image":[{"width":2560,"height":1707,"url":"https:\/\/magicpool.se\/wp-content\/uploads\/2025\/10\/V2_Magic_Pool_Villa_Masshult_Oppen_Pool-scaled.jpg","type":"image\/jpeg"}],"twitter_card":"summary_large_image","schema":{"@context":"https:\/\/schema.org","@graph":[{"@type":"WebPage","@id":"https:\/\/magicpool.se\/es\/spa\/banera-de-hidromasaje\/gota-spa\/","url":"https:\/\/magicpool.se\/es\/spa\/banera-de-hidromasaje\/gota-spa\/","name":"Drop spa - MagicPool","isPartOf":{"@id":"https:\/\/magicpool.se\/es\/#website"},"datePublished":"2025-09-11T13:49:54+00:00","dateModified":"2025-10-29T14:57:51+00:00","description":"Drop spas: piscinas de spa al aire libre de dise\u00f1o finland\u00e9s con burbujas desde el fondo y sensaci\u00f3n de manantial cristalino","breadcrumb":{"@id":"https:\/\/magicpool.se\/es\/spa\/banera-de-hidromasaje\/gota-spa\/#breadcrumb"},"inLanguage":"es","potentialAction":[{"@type":"ReadAction","target":["https:\/\/magicpool.se\/es\/spa\/banera-de-hidromasaje\/gota-spa\/"]}]},{"@type":"BreadcrumbList","@id":"https:\/\/magicpool.se\/es\/spa\/banera-de-hidromasaje\/gota-spa\/#breadcrumb","itemListElement":[{"@type":"ListItem","position":1,"name":"Home","item":"https:\/\/magicpool.se\/es\/"},{"@type":"ListItem","position":2,"name":"Spa","item":"https:\/\/magicpool.se\/es\/spa\/"},{"@type":"ListItem","position":3,"name":"Ba\u00f1era de hidromasaje","item":"https:\/\/magicpool.se\/es\/spa\/banera-de-hidromasaje\/"},{"@type":"ListItem","position":4,"name":"Gota spa"}]},{"@type":"WebSite","@id":"https:\/\/magicpool.se\/es\/#website","url":"https:\/\/magicpool.se\/es\/","name":"MagicPool","description":"","publisher":{"@id":"https:\/\/magicpool.se\/es\/#organization"},"potentialAction":[{"@type":"SearchAction","target":{"@type":"EntryPoint","urlTemplate":"https:\/\/magicpool.se\/es\/?s={search_term_string}"},"query-input":{"@type":"PropertyValueSpecification","valueRequired":true,"valueName":"search_term_string"}}],"inLanguage":"es"},{"@type":"Organization","@id":"https:\/\/magicpool.se\/es\/#organization","name":"MagicPool","url":"https:\/\/magicpool.se\/es\/","logo":{"@type":"ImageObject","inLanguage":"es","@id":"https:\/\/magicpool.se\/es\/#\/schema\/logo\/image\/","url":"https:\/\/magicpool.se\/wp-content\/uploads\/2025\/10\/Logotyp_Magicpool_Guld_RGB.svg","contentUrl":"https:\/\/magicpool.se\/wp-content\/uploads\/2025\/10\/Logotyp_Magicpool_Guld_RGB.svg","width":1025,"height":257,"caption":"MagicPool"},"image":{"@id":"https:\/\/magicpool.se\/es\/#\/schema\/logo\/image\/"},"sameAs":["https:\/\/www.facebook.com\/magicpool.se\/","https:\/\/www.instagram.com\/magicpool\/"]}]}},"_links":{"self":[{"href":"https:\/\/magicpool.se\/es\/wp-json\/wp\/v2\/pages\/2620","targetHints":{"allow":["GET"]}}],"collection":[{"href":"https:\/\/magicpool.se\/es\/wp-json\/wp\/v2\/pages"}],"about":[{"href":"https:\/\/magicpool.se\/es\/wp-json\/wp\/v2\/types\/page"}],"author":[{"embeddable":true,"href":"https:\/\/magicpool.se\/es\/wp-json\/wp\/v2\/users\/1"}],"replies":[{"embeddable":true,"href":"https:\/\/magicpool.se\/es\/wp-json\/wp\/v2\/comments?post=2620"}],"version-history":[{"count":1,"href":"https:\/\/magicpool.se\/es\/wp-json\/wp\/v2\/pages\/2620\/revisions"}],"predecessor-version":[{"id":2622,"href":"https:\/\/magicpool.se\/es\/wp-json\/wp\/v2\/pages\/2620\/revisions\/2622"}],"up":[{"embeddable":true,"href":"https:\/\/magicpool.se\/es\/wp-json\/wp\/v2\/pages\/2563"}],"wp:attachment":[{"href":"https:\/\/magicpool.se\/es\/wp-json\/wp\/v2\/media?parent=2620"}],"curies":[{"name":"wp","href":"https:\/\/api.w.org\/{rel}","templated":true}]}}