{"id":3766,"date":"2024-09-26T12:47:28","date_gmt":"2024-09-26T10:47:28","guid":{"rendered":"https:\/\/magicpool.se\/tietosuojakaytanto\/"},"modified":"2025-10-29T16:18:45","modified_gmt":"2025-10-29T15:18:45","slug":"tietosuojakaytanto","status":"publish","type":"page","link":"https:\/\/magicpool.se\/fi\/tietosuojakaytanto\/","title":{"rendered":"Tietosuojak\u00e4yt\u00e4nt\u00f6"},"content":{"rendered":"\n<div class=\"wp-block-group is-layout-constrained wp-block-group-is-layout-constrained\" data-block-type=\"core\">\n<h1 class=\"wp-block-heading\">Tietosuojak\u00e4yt\u00e4nt\u00f6<\/h1>\n<\/div>\n","protected":false},"excerpt":{"rendered":"<p>Tietosuojak\u00e4yt\u00e4nt\u00f6<\/p>\n","protected":false},"author":1,"featured_media":0,"parent":0,"menu_order":20,"comment_status":"closed","ping_status":"closed","template":"","meta":{"_acf_changed":false,"footnotes":""},"class_list":["post-3766","page","type-page","status-publish","hentry"],"acf":[],"yoast_head":"<!-- This site is optimized with the Yoast SEO plugin v27.5 - https:\/\/yoast.com\/product\/yoast-seo-wordpress\/ -->\n<title>Tietosuojak\u00e4yt\u00e4nt\u00f6 - MagicPool<\/title>\n<meta name=\"description\" content=\"Lue, miten MagicPool ker\u00e4\u00e4, k\u00e4ytt\u00e4\u00e4 ja suojaa henkil\u00f6tietojasi GDPR:n mukaisesti.\" \/>\n<meta name=\"robots\" content=\"index, follow, max-snippet:-1, max-image-preview:large, max-video-preview:-1\" \/>\n<link rel=\"canonical\" href=\"https:\/\/magicpool.se\/fi\/tietosuojakaytanto\/\" \/>\n<meta property=\"og:locale\" content=\"fi_FI\" \/>\n<meta property=\"og:type\" content=\"article\" \/>\n<meta property=\"og:title\" content=\"Tietosuojak\u00e4yt\u00e4nt\u00f6 - MagicPool\" \/>\n<meta property=\"og:description\" content=\"Lue, miten MagicPool ker\u00e4\u00e4, k\u00e4ytt\u00e4\u00e4 ja suojaa henkil\u00f6tietojasi GDPR:n mukaisesti.\" \/>\n<meta property=\"og:url\" content=\"https:\/\/magicpool.se\/fi\/tietosuojakaytanto\/\" \/>\n<meta property=\"og:site_name\" content=\"MagicPool\" \/>\n<meta property=\"article:publisher\" content=\"https:\/\/www.facebook.com\/magicpool.se\/\" \/>\n<meta property=\"article:modified_time\" content=\"2025-10-29T15:18:45+00:00\" \/>\n<meta property=\"og:image\" content=\"https:\/\/magicpool.se\/wp-content\/uploads\/2025\/10\/V2_Magic_Pool_Villa_Masshult_Oppen_Pool-scaled.jpg\" \/>\n\t<meta property=\"og:image:width\" content=\"2560\" \/>\n\t<meta property=\"og:image:height\" content=\"1707\" \/>\n\t<meta property=\"og:image:type\" content=\"image\/jpeg\" \/>\n<meta name=\"twitter:card\" content=\"summary_large_image\" \/>\n<script type=\"application\/ld+json\" class=\"yoast-schema-graph\">{\"@context\":\"https:\\\/\\\/schema.org\",\"@graph\":[{\"@type\":\"WebPage\",\"@id\":\"https:\\\/\\\/magicpool.se\\\/fi\\\/tietosuojakaytanto\\\/\",\"url\":\"https:\\\/\\\/magicpool.se\\\/fi\\\/tietosuojakaytanto\\\/\",\"name\":\"Tietosuojak\u00e4yt\u00e4nt\u00f6 - MagicPool\",\"isPartOf\":{\"@id\":\"https:\\\/\\\/magicpool.se\\\/fi\\\/#website\"},\"datePublished\":\"2024-09-26T10:47:28+00:00\",\"dateModified\":\"2025-10-29T15:18:45+00:00\",\"description\":\"Lue, miten MagicPool ker\u00e4\u00e4, k\u00e4ytt\u00e4\u00e4 ja suojaa henkil\u00f6tietojasi GDPR:n mukaisesti.\",\"breadcrumb\":{\"@id\":\"https:\\\/\\\/magicpool.se\\\/fi\\\/tietosuojakaytanto\\\/#breadcrumb\"},\"inLanguage\":\"fi\",\"potentialAction\":[{\"@type\":\"ReadAction\",\"target\":[\"https:\\\/\\\/magicpool.se\\\/fi\\\/tietosuojakaytanto\\\/\"]}]},{\"@type\":\"BreadcrumbList\",\"@id\":\"https:\\\/\\\/magicpool.se\\\/fi\\\/tietosuojakaytanto\\\/#breadcrumb\",\"itemListElement\":[{\"@type\":\"ListItem\",\"position\":1,\"name\":\"Home\",\"item\":\"https:\\\/\\\/magicpool.se\\\/fi\\\/\"},{\"@type\":\"ListItem\",\"position\":2,\"name\":\"Tietosuojak\u00e4yt\u00e4nt\u00f6\"}]},{\"@type\":\"WebSite\",\"@id\":\"https:\\\/\\\/magicpool.se\\\/fi\\\/#website\",\"url\":\"https:\\\/\\\/magicpool.se\\\/fi\\\/\",\"name\":\"MagicPool\",\"description\":\"\",\"publisher\":{\"@id\":\"https:\\\/\\\/magicpool.se\\\/fi\\\/#organization\"},\"potentialAction\":[{\"@type\":\"SearchAction\",\"target\":{\"@type\":\"EntryPoint\",\"urlTemplate\":\"https:\\\/\\\/magicpool.se\\\/fi\\\/?s={search_term_string}\"},\"query-input\":{\"@type\":\"PropertyValueSpecification\",\"valueRequired\":true,\"valueName\":\"search_term_string\"}}],\"inLanguage\":\"fi\"},{\"@type\":\"Organization\",\"@id\":\"https:\\\/\\\/magicpool.se\\\/fi\\\/#organization\",\"name\":\"MagicPool\",\"url\":\"https:\\\/\\\/magicpool.se\\\/fi\\\/\",\"logo\":{\"@type\":\"ImageObject\",\"inLanguage\":\"fi\",\"@id\":\"https:\\\/\\\/magicpool.se\\\/fi\\\/#\\\/schema\\\/logo\\\/image\\\/\",\"url\":\"https:\\\/\\\/magicpool.se\\\/wp-content\\\/uploads\\\/2025\\\/10\\\/Logotyp_Magicpool_Guld_RGB.svg\",\"contentUrl\":\"https:\\\/\\\/magicpool.se\\\/wp-content\\\/uploads\\\/2025\\\/10\\\/Logotyp_Magicpool_Guld_RGB.svg\",\"width\":1025,\"height\":257,\"caption\":\"MagicPool\"},\"image\":{\"@id\":\"https:\\\/\\\/magicpool.se\\\/fi\\\/#\\\/schema\\\/logo\\\/image\\\/\"},\"sameAs\":[\"https:\\\/\\\/www.facebook.com\\\/magicpool.se\\\/\",\"https:\\\/\\\/www.instagram.com\\\/magicpool\\\/\"]}]}<\/script>\n<!-- \/ Yoast SEO plugin. -->","yoast_head_json":{"title":"Tietosuojak\u00e4yt\u00e4nt\u00f6 - MagicPool","description":"Lue, miten MagicPool ker\u00e4\u00e4, k\u00e4ytt\u00e4\u00e4 ja suojaa henkil\u00f6tietojasi GDPR:n mukaisesti.","robots":{"index":"index","follow":"follow","max-snippet":"max-snippet:-1","max-image-preview":"max-image-preview:large","max-video-preview":"max-video-preview:-1"},"canonical":"https:\/\/magicpool.se\/fi\/tietosuojakaytanto\/","og_locale":"fi_FI","og_type":"article","og_title":"Tietosuojak\u00e4yt\u00e4nt\u00f6 - MagicPool","og_description":"Lue, miten MagicPool ker\u00e4\u00e4, k\u00e4ytt\u00e4\u00e4 ja suojaa henkil\u00f6tietojasi GDPR:n mukaisesti.","og_url":"https:\/\/magicpool.se\/fi\/tietosuojakaytanto\/","og_site_name":"MagicPool","article_publisher":"https:\/\/www.facebook.com\/magicpool.se\/","article_modified_time":"2025-10-29T15:18:45+00:00","og_image":[{"width":2560,"height":1707,"url":"https:\/\/magicpool.se\/wp-content\/uploads\/2025\/10\/V2_Magic_Pool_Villa_Masshult_Oppen_Pool-scaled.jpg","type":"image\/jpeg"}],"twitter_card":"summary_large_image","schema":{"@context":"https:\/\/schema.org","@graph":[{"@type":"WebPage","@id":"https:\/\/magicpool.se\/fi\/tietosuojakaytanto\/","url":"https:\/\/magicpool.se\/fi\/tietosuojakaytanto\/","name":"Tietosuojak\u00e4yt\u00e4nt\u00f6 - MagicPool","isPartOf":{"@id":"https:\/\/magicpool.se\/fi\/#website"},"datePublished":"2024-09-26T10:47:28+00:00","dateModified":"2025-10-29T15:18:45+00:00","description":"Lue, miten MagicPool ker\u00e4\u00e4, k\u00e4ytt\u00e4\u00e4 ja suojaa henkil\u00f6tietojasi GDPR:n mukaisesti.","breadcrumb":{"@id":"https:\/\/magicpool.se\/fi\/tietosuojakaytanto\/#breadcrumb"},"inLanguage":"fi","potentialAction":[{"@type":"ReadAction","target":["https:\/\/magicpool.se\/fi\/tietosuojakaytanto\/"]}]},{"@type":"BreadcrumbList","@id":"https:\/\/magicpool.se\/fi\/tietosuojakaytanto\/#breadcrumb","itemListElement":[{"@type":"ListItem","position":1,"name":"Home","item":"https:\/\/magicpool.se\/fi\/"},{"@type":"ListItem","position":2,"name":"Tietosuojak\u00e4yt\u00e4nt\u00f6"}]},{"@type":"WebSite","@id":"https:\/\/magicpool.se\/fi\/#website","url":"https:\/\/magicpool.se\/fi\/","name":"MagicPool","description":"","publisher":{"@id":"https:\/\/magicpool.se\/fi\/#organization"},"potentialAction":[{"@type":"SearchAction","target":{"@type":"EntryPoint","urlTemplate":"https:\/\/magicpool.se\/fi\/?s={search_term_string}"},"query-input":{"@type":"PropertyValueSpecification","valueRequired":true,"valueName":"search_term_string"}}],"inLanguage":"fi"},{"@type":"Organization","@id":"https:\/\/magicpool.se\/fi\/#organization","name":"MagicPool","url":"https:\/\/magicpool.se\/fi\/","logo":{"@type":"ImageObject","inLanguage":"fi","@id":"https:\/\/magicpool.se\/fi\/#\/schema\/logo\/image\/","url":"https:\/\/magicpool.se\/wp-content\/uploads\/2025\/10\/Logotyp_Magicpool_Guld_RGB.svg","contentUrl":"https:\/\/magicpool.se\/wp-content\/uploads\/2025\/10\/Logotyp_Magicpool_Guld_RGB.svg","width":1025,"height":257,"caption":"MagicPool"},"image":{"@id":"https:\/\/magicpool.se\/fi\/#\/schema\/logo\/image\/"},"sameAs":["https:\/\/www.facebook.com\/magicpool.se\/","https:\/\/www.instagram.com\/magicpool\/"]}]}},"_links":{"self":[{"href":"https:\/\/magicpool.se\/fi\/wp-json\/wp\/v2\/pages\/3766","targetHints":{"allow":["GET"]}}],"collection":[{"href":"https:\/\/magicpool.se\/fi\/wp-json\/wp\/v2\/pages"}],"about":[{"href":"https:\/\/magicpool.se\/fi\/wp-json\/wp\/v2\/types\/page"}],"author":[{"embeddable":true,"href":"https:\/\/magicpool.se\/fi\/wp-json\/wp\/v2\/users\/1"}],"replies":[{"embeddable":true,"href":"https:\/\/magicpool.se\/fi\/wp-json\/wp\/v2\/comments?post=3766"}],"version-history":[{"count":1,"href":"https:\/\/magicpool.se\/fi\/wp-json\/wp\/v2\/pages\/3766\/revisions"}],"predecessor-version":[{"id":3769,"href":"https:\/\/magicpool.se\/fi\/wp-json\/wp\/v2\/pages\/3766\/revisions\/3769"}],"wp:attachment":[{"href":"https:\/\/magicpool.se\/fi\/wp-json\/wp\/v2\/media?parent=3766"}],"curies":[{"name":"wp","href":"https:\/\/api.w.org\/{rel}","templated":true}]}}