{"id":2581,"date":"2025-09-04T10:37:25","date_gmt":"2025-09-04T08:37:25","guid":{"rendered":"https:\/\/magicpool.se\/kaldt-bad\/"},"modified":"2025-10-29T16:00:14","modified_gmt":"2025-10-29T15:00:14","slug":"kaldt-bad","status":"publish","type":"page","link":"https:\/\/magicpool.se\/no\/spa\/kaldt-bad\/","title":{"rendered":"Kaldt bad"},"content":{"rendered":"\n<div class=\"wp-block-stackable-hero stk-block-hero stk-block stk-1e26703 stk-block-background jokSafeFullHeight stk--has-background-overlay\" data-v=\"2\" data-block-id=\"1e26703\"><style>.stk-1e26703 {background-image:url(https:\/\/magicpool.se\/wp-content\/uploads\/2025\/08\/csm_6442_10_1f68be5f66-1-1536x719-1.jpg) !important;align-items:flex-end !important;padding-top:0px !important;padding-right:0px !important;padding-bottom:40px !important;padding-left:0px !important;margin-bottom:0px !important;display:flex !important;}.stk-1e26703-container{background-color:#00000000 !important;}.stk-1e26703-container:before{background-color:#00000000 !important;}.stk-1e26703 .stk-block-hero__content{min-height:300px !important;align-items:center !important;display:flex !important;}<\/style><style class=\"stk-custom-css\">.stk-1e26703.stk-block-hero .stk-video-background{object-position:30% center !important}<\/style><div class=\"stk-block-hero__content stk-content-align stk-1e26703-column stk-container stk-1e26703-container stk-hover-parent\"><div class=\"stk-block-content stk-inner-blocks has-text-align-center stk-1e26703-inner-blocks\">\n<div class=\"wp-block-stackable-heading stk-block-heading stk-block-heading--v2 stk-block stk-0af4074\" id=\"kallbad\" data-block-id=\"0af4074\"><style>.stk-0af4074 .stk-block-heading__text{font-size:60px !important;color:#ffffff !important;font-weight:200 !important;font-family:\"Outfit\", Sans-serif !important;}@media screen and (max-width: 1023px){.stk-0af4074 .stk-block-heading__text{font-size:40px !important;}}<\/style><h1 class=\"stk-block-heading__text has-text-color\">Kaldt bad<\/h1><\/div>\n\n\n\n<div class=\"wp-block-stackable-button-group stk-block-button-group stk-block stk-55e872e\" data-block-id=\"55e872e\"><div class=\"stk-row stk-inner-blocks stk-block-content stk-button-group\">\n<div class=\"wp-block-stackable-button stk-block-button is-style-ghost stk-block stk-cd790e1\" data-block-id=\"cd790e1\"><style>.stk-cd790e1 .stk-button{padding-right:36px !important;padding-left:36px !important;background:transparent !important;border-top-left-radius:40px !important;border-top-right-radius:40px !important;border-bottom-right-radius:40px !important;border-bottom-left-radius:40px !important;}.stk-cd790e1 .stk-button:hover:after{background:transparent !important;opacity:1 !important;}:where(.stk-hover-parent:hover,  .stk-hover-parent.stk--is-hovered) .stk-cd790e1 .stk-button:after{background:transparent !important;opacity:1 !important;}.stk-cd790e1 .stk-button:before{border-style:solid !important;border-color:var(--jok-secondary-color) !important;border-top-width:1px !important;border-right-width:1px !important;border-bottom-width:1px !important;border-left-width:1px !important;}.stk-cd790e1 .stk-button__inner-text{font-size:15px !important;color:var(--jok-secondary-color) !important;font-weight:400 !important;}@media screen and (max-width: 1023px){.stk-cd790e1 .stk-button__inner-text{font-size:15px !important;}}<\/style><a class=\"stk-link stk-button stk--hover-effect-darken\" href=\"#produkter-kallbad\"><span class=\"has-text-color stk-button__inner-text\">Se produkter<\/span><\/a><\/div>\n<\/div><\/div>\n<\/div><\/div><\/div>\n\n<div class=\"wp-block-stackable-columns stk-block-columns stk-block stk-c7baece stk-block-background\" id=\"produkter-kallbad\" data-block-id=\"c7baece\"><style>.stk-c7baece {background-color:var(--jok-primary-color) !important;padding-top:120px !important;padding-bottom:120px !important;margin-bottom:0px !important;}.stk-c7baece:before{background-color:var(--jok-primary-color) !important;}.stk-c7baece-column{max-width:1064px !important;min-width:auto !important;}<\/style><div class=\"stk-row stk-inner-blocks stk-block-content stk-content-align stk-c7baece-column\">\n<div class=\"wp-block-stackable-column stk-block-column stk-column stk-block stk-44d06c3\" data-v=\"4\" data-block-id=\"44d06c3\"><div class=\"stk-column-wrapper stk-block-column__content stk-container stk-44d06c3-container stk--no-background stk--no-padding\"><div class=\"stk-block-content stk-inner-blocks stk-44d06c3-inner-blocks\">\n    <div class=\"mpProducts mpProducts__container\">\n                    <div class=\"mpProducts mpProducts__cardWrapper\">\n                <a href=\"https:\/\/magicpool.se\/no\/produkter\/icecube-karo\/\" class=\"mpProducts mpProducts__imageWrapper\">\n                    <img loading=\"lazy\" decoding=\"async\" width=\"1000\" height=\"667\" src=\"https:\/\/magicpool.se\/wp-content\/uploads\/2025\/08\/Icecube1.jpg\" class=\"attachment-full size-full\" alt=\"IceCube Karo\" srcset=\"https:\/\/magicpool.se\/wp-content\/uploads\/2025\/08\/Icecube1.jpg 1000w, https:\/\/magicpool.se\/wp-content\/uploads\/2025\/08\/Icecube1-300x200.jpg 300w, https:\/\/magicpool.se\/wp-content\/uploads\/2025\/08\/Icecube1-768x512.jpg 768w\" sizes=\"auto, (max-width: 1000px) 100vw, 1000px\" \/>                <\/a>\n\n                <h2 class=\"mpProducts mpProducts__heading\">\n                    IceCube Karo                <\/h2>\n\n                <div class=\"mpProducts mpProducts__excerpt\">\n                    Riviera IceCube Karo kaldbad er det perfekte supplementet til badstuen - b\u00e5de innend\u00f8rs og utend\u00f8rs.                <\/div>\n\n                <div class=\"mpProducts mpProducts__buttonsWrapper\">\n                    <a href=\"https:\/\/magicpool.se\/no\/produkter\/icecube-karo\/\" class=\"mpProducts mpProducts__merInfo\">\n                        Mer informasjon                    <\/a>\n                    <a href=\"https:\/\/magicpool.se\/no\/produkter\/icecube-karo\/#offert\" class=\"mpProducts mpProducts__offert\">\n                        Tilby                    <\/a>\n                <\/div>\n            <\/div>\n                    <div class=\"mpProducts mpProducts__cardWrapper\">\n                <a href=\"https:\/\/magicpool.se\/no\/produkter\/kaldt-bad-egen-design\/\" class=\"mpProducts mpProducts__imageWrapper\">\n                    <img loading=\"lazy\" decoding=\"async\" width=\"1100\" height=\"619\" src=\"https:\/\/magicpool.se\/wp-content\/uploads\/2025\/10\/WhatsApp-Image-2025-10-16-at-14.09.08-4.jpeg\" class=\"attachment-full size-full\" alt=\"Kaldt bad - Egen design\" srcset=\"https:\/\/magicpool.se\/wp-content\/uploads\/2025\/10\/WhatsApp-Image-2025-10-16-at-14.09.08-4.jpeg 1100w, https:\/\/magicpool.se\/wp-content\/uploads\/2025\/10\/WhatsApp-Image-2025-10-16-at-14.09.08-4-300x169.jpeg 300w, https:\/\/magicpool.se\/wp-content\/uploads\/2025\/10\/WhatsApp-Image-2025-10-16-at-14.09.08-4-1024x576.jpeg 1024w, https:\/\/magicpool.se\/wp-content\/uploads\/2025\/10\/WhatsApp-Image-2025-10-16-at-14.09.08-4-768x432.jpeg 768w\" sizes=\"auto, (max-width: 1100px) 100vw, 1100px\" \/>                <\/a>\n\n                <h2 class=\"mpProducts mpProducts__heading\">\n                    Kaldt bad - Egen design                <\/h2>\n\n                <div class=\"mpProducts mpProducts__excerpt\">\n                    Vi bygger ditt kalde bad akkurat slik du eller arkeologen din \u00f8nsker                <\/div>\n\n                <div class=\"mpProducts mpProducts__buttonsWrapper\">\n                    <a href=\"https:\/\/magicpool.se\/no\/produkter\/kaldt-bad-egen-design\/\" class=\"mpProducts mpProducts__merInfo\">\n                        Mer informasjon                    <\/a>\n                    <a href=\"https:\/\/magicpool.se\/no\/produkter\/kaldt-bad-egen-design\/#offert\" class=\"mpProducts mpProducts__offert\">\n                        Tilby                    <\/a>\n                <\/div>\n            <\/div>\n        \n    <\/div>\n\n<\/div><\/div><\/div>\n<\/div><\/div>\n","protected":false},"excerpt":{"rendered":"<p>Kaldt bad Se produkter<\/p>\n","protected":false},"author":1,"featured_media":0,"parent":2739,"menu_order":11,"comment_status":"closed","ping_status":"closed","template":"","meta":{"_acf_changed":false,"footnotes":""},"class_list":["post-2581","page","type-page","status-publish","hentry"],"acf":[],"yoast_head":"<!-- This site is optimized with the Yoast SEO plugin v27.4 - https:\/\/yoast.com\/product\/yoast-seo-wordpress\/ -->\n<title>Kaldt bad - MagicPool<\/title>\n<meta name=\"description\" content=\"IceCube Karo luksus kaldbad med sklisikre trinn, LED-belysning og h\u00e5ndl\u00f8per i rustfritt st\u00e5l - perfekt etter badstuen\" \/>\n<meta name=\"robots\" content=\"index, follow, max-snippet:-1, max-image-preview:large, max-video-preview:-1\" \/>\n<link rel=\"canonical\" href=\"https:\/\/magicpool.se\/no\/spa\/kaldt-bad\/\" \/>\n<meta property=\"og:locale\" content=\"nb_NO\" \/>\n<meta property=\"og:type\" content=\"article\" \/>\n<meta property=\"og:title\" content=\"Kaldt bad - MagicPool\" \/>\n<meta property=\"og:description\" content=\"IceCube Karo luksus kaldbad med sklisikre trinn, LED-belysning og h\u00e5ndl\u00f8per i rustfritt st\u00e5l - perfekt etter badstuen\" \/>\n<meta property=\"og:url\" content=\"https:\/\/magicpool.se\/no\/spa\/kaldt-bad\/\" \/>\n<meta property=\"og:site_name\" content=\"MagicPool\" \/>\n<meta property=\"article:publisher\" content=\"https:\/\/www.facebook.com\/magicpool.se\/\" \/>\n<meta property=\"article:modified_time\" content=\"2025-10-29T15:00:14+00:00\" \/>\n<meta property=\"og:image\" content=\"https:\/\/magicpool.se\/wp-content\/uploads\/2025\/10\/V2_Magic_Pool_Villa_Masshult_Oppen_Pool-scaled.jpg\" \/>\n\t<meta property=\"og:image:width\" content=\"2560\" \/>\n\t<meta property=\"og:image:height\" content=\"1707\" \/>\n\t<meta property=\"og:image:type\" content=\"image\/jpeg\" \/>\n<meta name=\"twitter:card\" content=\"summary_large_image\" \/>\n<script type=\"application\/ld+json\" class=\"yoast-schema-graph\">{\"@context\":\"https:\\\/\\\/schema.org\",\"@graph\":[{\"@type\":\"WebPage\",\"@id\":\"https:\\\/\\\/magicpool.se\\\/no\\\/spa\\\/kaldt-bad\\\/\",\"url\":\"https:\\\/\\\/magicpool.se\\\/no\\\/spa\\\/kaldt-bad\\\/\",\"name\":\"Kaldt bad - MagicPool\",\"isPartOf\":{\"@id\":\"https:\\\/\\\/magicpool.se\\\/no\\\/#website\"},\"datePublished\":\"2025-09-04T08:37:25+00:00\",\"dateModified\":\"2025-10-29T15:00:14+00:00\",\"description\":\"IceCube Karo luksus kaldbad med sklisikre trinn, LED-belysning og h\u00e5ndl\u00f8per i rustfritt st\u00e5l - perfekt etter badstuen\",\"breadcrumb\":{\"@id\":\"https:\\\/\\\/magicpool.se\\\/no\\\/spa\\\/kaldt-bad\\\/#breadcrumb\"},\"inLanguage\":\"nb-NO\",\"potentialAction\":[{\"@type\":\"ReadAction\",\"target\":[\"https:\\\/\\\/magicpool.se\\\/no\\\/spa\\\/kaldt-bad\\\/\"]}]},{\"@type\":\"BreadcrumbList\",\"@id\":\"https:\\\/\\\/magicpool.se\\\/no\\\/spa\\\/kaldt-bad\\\/#breadcrumb\",\"itemListElement\":[{\"@type\":\"ListItem\",\"position\":1,\"name\":\"Home\",\"item\":\"https:\\\/\\\/magicpool.se\\\/no\\\/\"},{\"@type\":\"ListItem\",\"position\":2,\"name\":\"Spa\",\"item\":\"https:\\\/\\\/magicpool.se\\\/no\\\/spa\\\/\"},{\"@type\":\"ListItem\",\"position\":3,\"name\":\"Kaldt bad\"}]},{\"@type\":\"WebSite\",\"@id\":\"https:\\\/\\\/magicpool.se\\\/no\\\/#website\",\"url\":\"https:\\\/\\\/magicpool.se\\\/no\\\/\",\"name\":\"MagicPool\",\"description\":\"\",\"publisher\":{\"@id\":\"https:\\\/\\\/magicpool.se\\\/no\\\/#organization\"},\"potentialAction\":[{\"@type\":\"SearchAction\",\"target\":{\"@type\":\"EntryPoint\",\"urlTemplate\":\"https:\\\/\\\/magicpool.se\\\/no\\\/?s={search_term_string}\"},\"query-input\":{\"@type\":\"PropertyValueSpecification\",\"valueRequired\":true,\"valueName\":\"search_term_string\"}}],\"inLanguage\":\"nb-NO\"},{\"@type\":\"Organization\",\"@id\":\"https:\\\/\\\/magicpool.se\\\/no\\\/#organization\",\"name\":\"MagicPool\",\"url\":\"https:\\\/\\\/magicpool.se\\\/no\\\/\",\"logo\":{\"@type\":\"ImageObject\",\"inLanguage\":\"nb-NO\",\"@id\":\"https:\\\/\\\/magicpool.se\\\/no\\\/#\\\/schema\\\/logo\\\/image\\\/\",\"url\":\"https:\\\/\\\/magicpool.se\\\/wp-content\\\/uploads\\\/2025\\\/10\\\/Logotyp_Magicpool_Guld_RGB.svg\",\"contentUrl\":\"https:\\\/\\\/magicpool.se\\\/wp-content\\\/uploads\\\/2025\\\/10\\\/Logotyp_Magicpool_Guld_RGB.svg\",\"width\":1025,\"height\":257,\"caption\":\"MagicPool\"},\"image\":{\"@id\":\"https:\\\/\\\/magicpool.se\\\/no\\\/#\\\/schema\\\/logo\\\/image\\\/\"},\"sameAs\":[\"https:\\\/\\\/www.facebook.com\\\/magicpool.se\\\/\",\"https:\\\/\\\/www.instagram.com\\\/magicpool\\\/\"]}]}<\/script>\n<!-- \/ Yoast SEO plugin. -->","yoast_head_json":{"title":"Kaldt bad - MagicPool","description":"IceCube Karo luksus kaldbad med sklisikre trinn, LED-belysning og h\u00e5ndl\u00f8per i rustfritt st\u00e5l - perfekt etter badstuen","robots":{"index":"index","follow":"follow","max-snippet":"max-snippet:-1","max-image-preview":"max-image-preview:large","max-video-preview":"max-video-preview:-1"},"canonical":"https:\/\/magicpool.se\/no\/spa\/kaldt-bad\/","og_locale":"nb_NO","og_type":"article","og_title":"Kaldt bad - MagicPool","og_description":"IceCube Karo luksus kaldbad med sklisikre trinn, LED-belysning og h\u00e5ndl\u00f8per i rustfritt st\u00e5l - perfekt etter badstuen","og_url":"https:\/\/magicpool.se\/no\/spa\/kaldt-bad\/","og_site_name":"MagicPool","article_publisher":"https:\/\/www.facebook.com\/magicpool.se\/","article_modified_time":"2025-10-29T15:00:14+00:00","og_image":[{"width":2560,"height":1707,"url":"https:\/\/magicpool.se\/wp-content\/uploads\/2025\/10\/V2_Magic_Pool_Villa_Masshult_Oppen_Pool-scaled.jpg","type":"image\/jpeg"}],"twitter_card":"summary_large_image","schema":{"@context":"https:\/\/schema.org","@graph":[{"@type":"WebPage","@id":"https:\/\/magicpool.se\/no\/spa\/kaldt-bad\/","url":"https:\/\/magicpool.se\/no\/spa\/kaldt-bad\/","name":"Kaldt bad - MagicPool","isPartOf":{"@id":"https:\/\/magicpool.se\/no\/#website"},"datePublished":"2025-09-04T08:37:25+00:00","dateModified":"2025-10-29T15:00:14+00:00","description":"IceCube Karo luksus kaldbad med sklisikre trinn, LED-belysning og h\u00e5ndl\u00f8per i rustfritt st\u00e5l - perfekt etter badstuen","breadcrumb":{"@id":"https:\/\/magicpool.se\/no\/spa\/kaldt-bad\/#breadcrumb"},"inLanguage":"nb-NO","potentialAction":[{"@type":"ReadAction","target":["https:\/\/magicpool.se\/no\/spa\/kaldt-bad\/"]}]},{"@type":"BreadcrumbList","@id":"https:\/\/magicpool.se\/no\/spa\/kaldt-bad\/#breadcrumb","itemListElement":[{"@type":"ListItem","position":1,"name":"Home","item":"https:\/\/magicpool.se\/no\/"},{"@type":"ListItem","position":2,"name":"Spa","item":"https:\/\/magicpool.se\/no\/spa\/"},{"@type":"ListItem","position":3,"name":"Kaldt bad"}]},{"@type":"WebSite","@id":"https:\/\/magicpool.se\/no\/#website","url":"https:\/\/magicpool.se\/no\/","name":"MagicPool","description":"","publisher":{"@id":"https:\/\/magicpool.se\/no\/#organization"},"potentialAction":[{"@type":"SearchAction","target":{"@type":"EntryPoint","urlTemplate":"https:\/\/magicpool.se\/no\/?s={search_term_string}"},"query-input":{"@type":"PropertyValueSpecification","valueRequired":true,"valueName":"search_term_string"}}],"inLanguage":"nb-NO"},{"@type":"Organization","@id":"https:\/\/magicpool.se\/no\/#organization","name":"MagicPool","url":"https:\/\/magicpool.se\/no\/","logo":{"@type":"ImageObject","inLanguage":"nb-NO","@id":"https:\/\/magicpool.se\/no\/#\/schema\/logo\/image\/","url":"https:\/\/magicpool.se\/wp-content\/uploads\/2025\/10\/Logotyp_Magicpool_Guld_RGB.svg","contentUrl":"https:\/\/magicpool.se\/wp-content\/uploads\/2025\/10\/Logotyp_Magicpool_Guld_RGB.svg","width":1025,"height":257,"caption":"MagicPool"},"image":{"@id":"https:\/\/magicpool.se\/no\/#\/schema\/logo\/image\/"},"sameAs":["https:\/\/www.facebook.com\/magicpool.se\/","https:\/\/www.instagram.com\/magicpool\/"]}]}},"_links":{"self":[{"href":"https:\/\/magicpool.se\/no\/wp-json\/wp\/v2\/pages\/2581","targetHints":{"allow":["GET"]}}],"collection":[{"href":"https:\/\/magicpool.se\/no\/wp-json\/wp\/v2\/pages"}],"about":[{"href":"https:\/\/magicpool.se\/no\/wp-json\/wp\/v2\/types\/page"}],"author":[{"embeddable":true,"href":"https:\/\/magicpool.se\/no\/wp-json\/wp\/v2\/users\/1"}],"replies":[{"embeddable":true,"href":"https:\/\/magicpool.se\/no\/wp-json\/wp\/v2\/comments?post=2581"}],"version-history":[{"count":1,"href":"https:\/\/magicpool.se\/no\/wp-json\/wp\/v2\/pages\/2581\/revisions"}],"predecessor-version":[{"id":2582,"href":"https:\/\/magicpool.se\/no\/wp-json\/wp\/v2\/pages\/2581\/revisions\/2582"}],"up":[{"embeddable":true,"href":"https:\/\/magicpool.se\/no\/wp-json\/wp\/v2\/pages\/2739"}],"wp:attachment":[{"href":"https:\/\/magicpool.se\/no\/wp-json\/wp\/v2\/media?parent=2581"}],"curies":[{"name":"wp","href":"https:\/\/api.w.org\/{rel}","templated":true}]}}